{"id":84151,"date":"2025-02-28T11:12:44","date_gmt":"2025-02-28T10:12:44","guid":{"rendered":"https:\/\/zennio.creativia.es\/es\/demande-de-support\/"},"modified":"2026-04-09T18:14:08","modified_gmt":"2026-04-09T16:14:08","slug":"demande-de-support","status":"publish","type":"page","link":"https:\/\/zennio.creativia.es\/fr\/demande-de-support\/","title":{"rendered":"Demande de support"},"content":{"rendered":"\t\t<div data-elementor-type=\"wp-page\" data-elementor-id=\"84151\" class=\"elementor elementor-84151 elementor-53755\" data-elementor-post-type=\"page\">\n\t\t\t\t<div class=\"elementor-element elementor-element-ebb35ad e-flex e-con-boxed e-con e-parent\" data-id=\"ebb35ad\" data-element_type=\"container\" data-e-type=\"container\" data-settings=\"{&quot;jet_parallax_layout_list&quot;:[]}\">\n\t\t\t\t\t<div class=\"e-con-inner\">\n\t\t\t\t<div class=\"elementor-element elementor-element-ed1f99f elementor-widget elementor-widget-heading\" data-id=\"ed1f99f\" data-element_type=\"widget\" data-e-type=\"widget\" data-widget_type=\"heading.default\">\n\t\t\t\t<div class=\"elementor-widget-container\">\n\t\t\t\t\t<h2 class=\"elementor-heading-title elementor-size-default\">Demande de support<\/h2>\t\t\t\t<\/div>\n\t\t\t\t<\/div>\n\t\t\t\t<div class=\"elementor-element elementor-element-4c9c069 elementor-widget elementor-widget-text-editor\" data-id=\"4c9c069\" data-element_type=\"widget\" data-e-type=\"widget\" data-widget_type=\"text-editor.default\">\n\t\t\t\t<div class=\"elementor-widget-container\">\n\t\t\t\t\t\t\t\t\t<p>Obtenez des r\u00e9ponses rapides et pr\u00e9cises de nos experts de notre support multilingue.<\/p>\n\t\t\t\t\t\t\t\t<\/div>\n\t\t\t\t<\/div>\n\t\t\t\t\t<\/div>\n\t\t\t\t<\/div>\n\t\t<div class=\"elementor-element elementor-element-52e133c e-flex e-con-boxed e-con e-parent\" data-id=\"52e133c\" data-element_type=\"container\" data-e-type=\"container\" data-settings=\"{&quot;jet_parallax_layout_list&quot;:[]}\">\n\t\t\t\t\t<div class=\"e-con-inner\">\n\t\t\t\t<div class=\"elementor-element elementor-element-80a8abd elementor-widget elementor-widget-heading\" data-id=\"80a8abd\" data-element_type=\"widget\" data-e-type=\"widget\" data-widget_type=\"heading.default\">\n\t\t\t\t<div class=\"elementor-widget-container\">\n\t\t\t\t\t<h2 class=\"elementor-heading-title elementor-size-default\">D\u00e9tails du contact<\/h2>\t\t\t\t<\/div>\n\t\t\t\t<\/div>\n\t\t\t\t<div class=\"elementor-element elementor-element-7a51ef0 elementor-button-align-start elementor-widget elementor-widget-form\" data-id=\"7a51ef0\" data-element_type=\"widget\" data-e-type=\"widget\" data-settings=\"{&quot;step_next_label&quot;:&quot;Siguiente&quot;,&quot;step_previous_label&quot;:&quot;Anterior&quot;,&quot;button_width&quot;:&quot;100&quot;,&quot;step_type&quot;:&quot;number_text&quot;,&quot;step_icon_shape&quot;:&quot;circle&quot;}\" data-widget_type=\"form.default\">\n\t\t\t\t<div class=\"elementor-widget-container\">\n\t\t\t\t\t\t\t<form class=\"elementor-form\" method=\"post\" name=\"Demande de support\" aria-label=\"Demande de support\">\n\t\t\t<input type=\"hidden\" name=\"post_id\" value=\"84151\"\/>\n\t\t\t<input type=\"hidden\" name=\"form_id\" value=\"7a51ef0\"\/>\n\t\t\t<input type=\"hidden\" name=\"referer_title\" value=\"Demande de support - Zennio\" \/>\n\n\t\t\t\t\t\t\t<input type=\"hidden\" name=\"queried_id\" value=\"84151\"\/>\n\t\t\t\n\t\t\t<div class=\"elementor-form-fields-wrapper elementor-labels-above\">\n\t\t\t\t\t\t\t\t<div class=\"elementor-field-type-email elementor-field-group elementor-column elementor-field-group-email elementor-col-50 elementor-field-required\">\n\t\t\t\t\t\t\t\t\t\t\t\t\t<input size=\"1\" type=\"email\" name=\"form_fields[email]\" id=\"form-field-email\" class=\"elementor-field elementor-size-sm  elementor-field-textual\" placeholder=\"E-mail*\" required=\"required\">\n\t\t\t\t\t\t\t\t\t\t\t<\/div>\n\t\t\t\t\t\t\t\t<div class=\"elementor-field-type-text elementor-field-group elementor-column elementor-field-group-field_ffd12b3 elementor-col-50 elementor-field-required\">\n\t\t\t\t\t\t\t\t\t\t\t\t\t<input size=\"1\" type=\"text\" name=\"form_fields[field_ffd12b3]\" id=\"form-field-field_ffd12b3\" class=\"elementor-field elementor-size-sm  elementor-field-textual\" placeholder=\"Num\u00e9ro de client\" required=\"required\">\n\t\t\t\t\t\t\t\t\t\t\t<\/div>\n\t\t\t\t\t\t\t\t<div class=\"elementor-field-type-tel elementor-field-group elementor-column elementor-field-group-field_4cf8aa6 elementor-col-50 elementor-field-required\">\n\t\t\t\t\t\t\t<input size=\"1\" type=\"tel\" name=\"form_fields[field_4cf8aa6]\" id=\"form-field-field_4cf8aa6\" class=\"elementor-field elementor-size-sm  elementor-field-textual\" placeholder=\"Num\u00e9ro de t\u00e9l\u00e9phone*\" required=\"required\" pattern=\"[0-9()#&amp;+*-=.]+\" title=\"Seuls les caract\u00e8res de num\u00e9ros de t\u00e9l\u00e9phone (#, -, *, etc.) sont accept\u00e9s.\">\n\n\t\t\t\t\t\t<\/div>\n\t\t\t\t\t\t\t\t<div class=\"elementor-field-type-text elementor-field-group elementor-column elementor-field-group-field_78d2a59 elementor-col-50 elementor-field-required\">\n\t\t\t\t\t\t\t\t\t\t\t\t\t<input size=\"1\" type=\"text\" name=\"form_fields[field_78d2a59]\" id=\"form-field-field_78d2a59\" class=\"elementor-field elementor-size-sm  elementor-field-textual\" placeholder=\"Web\" required=\"required\">\n\t\t\t\t\t\t\t\t\t\t\t<\/div>\n\t\t\t\t\t\t\t\t<div class=\"elementor-field-type-text elementor-field-group elementor-column elementor-field-group-field_dd2ba48 elementor-col-100 elementor-field-required\">\n\t\t\t\t\t\t\t\t\t\t\t\t<label for=\"form-field-field_dd2ba48\" class=\"elementor-field-label\">\n\t\t\t\t\t\t\t\tConsultation\t\t\t\t\t\t\t<\/label>\n\t\t\t\t\t\t\t\t\t\t\t\t\t\t<input size=\"1\" type=\"text\" name=\"form_fields[field_dd2ba48]\" id=\"form-field-field_dd2ba48\" class=\"elementor-field elementor-size-sm  elementor-field-textual\" placeholder=\"Sujet*\" required=\"required\">\n\t\t\t\t\t\t\t\t\t\t\t<\/div>\n\t\t\t\t\t\t\t\t<div class=\"elementor-field-type-textarea elementor-field-group elementor-column elementor-field-group-message elementor-col-100\">\n\t\t\t\t\t<textarea class=\"elementor-field-textual elementor-field  elementor-size-sm\" name=\"form_fields[message]\" id=\"form-field-message\" rows=\"4\" placeholder=\"D\u00e9taillez votre consultation*\"><\/textarea>\t\t\t\t<\/div>\n\t\t\t\t\t\t\t\t<div class=\"elementor-field-type-upload elementor-field-group elementor-column elementor-field-group-field_08c0b27 elementor-col-100\">\n\t\t\t\t\t\t\t\t\t\t\t\t<label for=\"form-field-field_08c0b27\" class=\"elementor-field-label\">\n\t\t\t\t\t\t\t\tFichiers joints\t\t\t\t\t\t\t<\/label>\n\t\t\t\t\t\t\t\t<input type=\"file\" name=\"form_fields[field_08c0b27]\" id=\"form-field-field_08c0b27\" class=\"elementor-field elementor-size-sm  elementor-upload-field\">\n\n\t\t\t\t\t\t<\/div>\n\t\t\t\t\t\t\t\t<div class=\"elementor-field-type-acceptance elementor-field-group elementor-column elementor-field-group-field_64dffdd elementor-col-100\">\n\t\t\t\t\t\t\t<div class=\"elementor-field-subgroup\">\n\t\t\t<span class=\"elementor-field-option\">\n\t\t\t\t<input type=\"checkbox\" name=\"form_fields[field_64dffdd]\" id=\"form-field-field_64dffdd\" class=\"elementor-field elementor-size-sm  elementor-acceptance-field\">\n\t\t\t\t<label for=\"form-field-field_64dffdd\"> J'ai lu et j'accepte la clause de\u00a0<a href=\"\/fr\/politique-de-confidentialite\/\" target=\"_blank\">protection des donn\u00e9es<\/a>.<\/label>\t\t\t<\/span>\n\t\t<\/div>\n\t\t\t\t\t\t<\/div>\n\t\t\t\t\t\t\t\t<div class=\"elementor-field-type-acceptance elementor-field-group elementor-column elementor-field-group-field_362d854 elementor-col-100\">\n\t\t\t\t\t\t\t<div class=\"elementor-field-subgroup\">\n\t\t\t<span class=\"elementor-field-option\">\n\t\t\t\t<input type=\"checkbox\" name=\"form_fields[field_362d854]\" id=\"form-field-field_362d854\" class=\"elementor-field elementor-size-sm  elementor-acceptance-field\">\n\t\t\t\t<label for=\"form-field-field_362d854\">Je souhaite recevoir des communications commerciales<\/label>\t\t\t<\/span>\n\t\t<\/div>\n\t\t\t\t\t\t<\/div>\n\t\t\t\t\t\t\t\t<div class=\"elementor-field-group elementor-column elementor-field-type-submit elementor-col-100 e-form__buttons\">\n\t\t\t\t\t<button class=\"elementor-button elementor-size-sm\" type=\"submit\">\n\t\t\t\t\t\t<span class=\"elementor-button-content-wrapper\">\n\t\t\t\t\t\t\t\t\t\t\t\t\t\t\t\t\t\t\t\t\t\t<span class=\"elementor-button-text\">Envoyer une demande<\/span>\n\t\t\t\t\t\t\t\t\t\t\t\t\t<\/span>\n\t\t\t\t\t<\/button>\n\t\t\t\t<\/div>\n\t\t\t<\/div>\n\t\t<\/form>\n\t\t\t\t\t\t<\/div>\n\t\t\t\t<\/div>\n\t\t\t\t<div class=\"elementor-element elementor-element-7525787 elementor-align-right elementor-widget elementor-widget-button\" data-id=\"7525787\" data-element_type=\"widget\" data-e-type=\"widget\" data-widget_type=\"button.default\">\n\t\t\t\t<div class=\"elementor-widget-container\">\n\t\t\t\t\t\t\t\t\t<div class=\"elementor-button-wrapper\">\n\t\t\t\t\t<a class=\"elementor-button elementor-button-link elementor-size-sm\" href=\"mailto:soporte@zennio.com\">\n\t\t\t\t\t\t<span class=\"elementor-button-content-wrapper\">\n\t\t\t\t\t\t\t\t\t<span class=\"elementor-button-text\">Demander depuis mon adresse e-mail<\/span>\n\t\t\t\t\t<\/span>\n\t\t\t\t\t<\/a>\n\t\t\t\t<\/div>\n\t\t\t\t\t\t\t\t<\/div>\n\t\t\t\t<\/div>\n\t\t\t\t\t<\/div>\n\t\t\t\t<\/div>\n\t\t<div class=\"elementor-element elementor-element-fff9e20 e-flex e-con-boxed e-con e-parent\" data-id=\"fff9e20\" data-element_type=\"container\" data-e-type=\"container\" data-settings=\"{&quot;jet_parallax_layout_list&quot;:[]}\">\n\t\t\t\t\t<div class=\"e-con-inner\">\n\t\t\t\t<div class=\"elementor-element elementor-element-40bad27 elementor-widget elementor-widget-heading\" data-id=\"40bad27\" data-element_type=\"widget\" data-e-type=\"widget\" data-widget_type=\"heading.default\">\n\t\t\t\t<div class=\"elementor-widget-container\">\n\t\t\t\t\t<h2 class=\"elementor-heading-title elementor-size-default\">Centre de support<\/h2>\t\t\t\t<\/div>\n\t\t\t\t<\/div>\n\t\t\t\t<div class=\"elementor-element elementor-element-2ef23b2 elementor-widget elementor-widget-text-editor\" data-id=\"2ef23b2\" data-element_type=\"widget\" data-e-type=\"widget\" data-widget_type=\"text-editor.default\">\n\t\t\t\t<div class=\"elementor-widget-container\">\n\t\t\t\t\t\t\t\t\t<p>R\u00e9visez les notifications, cr\u00e9ez de nouvelles consultations ou r\u00e9visez l&rsquo;\u00e9tat de vos demandes existantes avec ZenDesk<\/p>\n\t\t\t\t\t\t\t\t<\/div>\n\t\t\t\t<\/div>\n\t\t\t\t<div class=\"elementor-element elementor-element-4d3da58 elementor-align-center elementor-widget elementor-widget-button\" data-id=\"4d3da58\" data-element_type=\"widget\" data-e-type=\"widget\" data-widget_type=\"button.default\">\n\t\t\t\t<div class=\"elementor-widget-container\">\n\t\t\t\t\t\t\t\t\t<div class=\"elementor-button-wrapper\">\n\t\t\t\t\t<a class=\"elementor-button elementor-button-link elementor-size-sm\" href=\"https:\/\/zennioenglish.zendesk.com\/auth\/v2\/login\/\" target=\"_blank\">\n\t\t\t\t\t\t<span class=\"elementor-button-content-wrapper\">\n\t\t\t\t\t\t\t\t\t<span class=\"elementor-button-text\">Ouvrez une session<\/span>\n\t\t\t\t\t<\/span>\n\t\t\t\t\t<\/a>\n\t\t\t\t<\/div>\n\t\t\t\t\t\t\t\t<\/div>\n\t\t\t\t<\/div>\n\t\t\t\t<div class=\"elementor-element elementor-element-80894e5 elementor-widget elementor-widget-text-editor\" data-id=\"80894e5\" data-element_type=\"widget\" data-e-type=\"widget\" data-widget_type=\"text-editor.default\">\n\t\t\t\t<div class=\"elementor-widget-container\">\n\t\t\t\t\t\t\t\t\t<p><a href=\"https:\/\/zennioenglish.zendesk.com\/auth\/v2\/login\/signin\" target=\"_blank\" rel=\"noopener\">Cr\u00e9ez un compte<\/a><\/p>\n\t\t\t\t\t\t\t\t<\/div>\n\t\t\t\t<\/div>\n\t\t\t\t\t<\/div>\n\t\t\t\t<\/div>\n\t\t\t\t<\/div>\n\t\t","protected":false},"excerpt":{"rendered":"<p>Demande de support Obtenez des r\u00e9ponses rapides et pr\u00e9cises de nos experts de notre support multilingue. D\u00e9tails du contact Demander depuis mon adresse e-mail Centre de support R\u00e9visez les notifications, cr\u00e9ez de nouvelles consultations ou r\u00e9visez l&rsquo;\u00e9tat de vos demandes existantes avec ZenDesk Ouvrez une session Cr\u00e9ez un compte<\/p>\n","protected":false},"author":1,"featured_media":0,"parent":0,"menu_order":0,"comment_status":"closed","ping_status":"closed","template":"","meta":{"footnotes":""},"class_list":["post-84151","page","type-page","status-publish","hentry"],"yoast_head":"<!-- This site is optimized with the Yoast SEO plugin v27.4 - https:\/\/yoast.com\/product\/yoast-seo-wordpress\/ -->\n<title>Demande de support - Zennio<\/title>\n<meta name=\"description\" content=\"Demande de support Obtenez des r\u00e9ponses rapides et pr\u00e9cises de nos experts de notre support multilingue. D\u00e9tails du contact Demander depuis mon adresse\" \/>\n<meta name=\"robots\" content=\"noindex, follow, max-snippet:-1, max-image-preview:large, max-video-preview:-1\" \/>\n<meta property=\"og:locale\" content=\"fr_FR\" \/>\n<meta property=\"og:type\" content=\"article\" \/>\n<meta property=\"og:title\" content=\"Demande de support - Zennio\" \/>\n<meta property=\"og:description\" content=\"Demande de support Obtenez des r\u00e9ponses rapides et pr\u00e9cises de nos experts de notre support multilingue. D\u00e9tails du contact Demander depuis mon adresse\" \/>\n<meta property=\"og:url\" content=\"https:\/\/zennio.creativia.es\/fr\/demande-de-support\/\" \/>\n<meta property=\"og:site_name\" content=\"Zennio\" \/>\n<meta property=\"article:publisher\" content=\"https:\/\/www.facebook.com\/ZennioSpain\/?locale=es_ES\" \/>\n<meta property=\"article:modified_time\" content=\"2026-04-09T16:14:08+00:00\" \/>\n<meta property=\"og:image\" content=\"https:\/\/zennio.creativia.es\/wp-content\/uploads\/2025\/01\/oficina-tecnica-y-soporte.png\" \/>\n\t<meta property=\"og:image:width\" content=\"900\" \/>\n\t<meta property=\"og:image:height\" content=\"480\" \/>\n\t<meta property=\"og:image:type\" content=\"image\/png\" \/>\n<meta name=\"twitter:card\" content=\"summary_large_image\" \/>\n<script type=\"application\/ld+json\" class=\"yoast-schema-graph\">{\"@context\":\"https:\\\/\\\/schema.org\",\"@graph\":[{\"@type\":\"WebPage\",\"@id\":\"https:\\\/\\\/zennio.creativia.es\\\/fr\\\/demande-de-support\\\/\",\"url\":\"https:\\\/\\\/zennio.creativia.es\\\/fr\\\/demande-de-support\\\/\",\"name\":\"Demande de support - Zennio\",\"isPartOf\":{\"@id\":\"https:\\\/\\\/zennio.creativia.es\\\/fr\\\/#website\"},\"datePublished\":\"2025-02-28T10:12:44+00:00\",\"dateModified\":\"2026-04-09T16:14:08+00:00\",\"description\":\"Demande de support Obtenez des r\u00e9ponses rapides et pr\u00e9cises de nos experts de notre support multilingue. D\u00e9tails du contact Demander depuis mon adresse\",\"breadcrumb\":{\"@id\":\"https:\\\/\\\/zennio.creativia.es\\\/fr\\\/demande-de-support\\\/#breadcrumb\"},\"inLanguage\":\"fr-FR\",\"potentialAction\":[{\"@type\":\"ReadAction\",\"target\":[\"https:\\\/\\\/zennio.creativia.es\\\/fr\\\/demande-de-support\\\/\"]}]},{\"@type\":\"BreadcrumbList\",\"@id\":\"https:\\\/\\\/zennio.creativia.es\\\/fr\\\/demande-de-support\\\/#breadcrumb\",\"itemListElement\":[{\"@type\":\"ListItem\",\"position\":1,\"name\":\"Portada\",\"item\":\"https:\\\/\\\/zennio.creativia.es\\\/fr\\\/\"},{\"@type\":\"ListItem\",\"position\":2,\"name\":\"Demande de support\"}]},{\"@type\":\"WebSite\",\"@id\":\"https:\\\/\\\/zennio.creativia.es\\\/fr\\\/#website\",\"url\":\"https:\\\/\\\/zennio.creativia.es\\\/fr\\\/\",\"name\":\"Zennio\",\"description\":\"Soluciones de tecnolog\u00eda para hoteles, viviendas y edificios.\",\"publisher\":{\"@id\":\"https:\\\/\\\/zennio.creativia.es\\\/fr\\\/#organization\"},\"alternateName\":\"Zennio Global\",\"potentialAction\":[{\"@type\":\"SearchAction\",\"target\":{\"@type\":\"EntryPoint\",\"urlTemplate\":\"https:\\\/\\\/zennio.creativia.es\\\/fr\\\/?s={search_term_string}\"},\"query-input\":{\"@type\":\"PropertyValueSpecification\",\"valueRequired\":true,\"valueName\":\"search_term_string\"}}],\"inLanguage\":\"fr-FR\"},{\"@type\":\"Organization\",\"@id\":\"https:\\\/\\\/zennio.creativia.es\\\/fr\\\/#organization\",\"name\":\"Zennio\",\"alternateName\":\"Zennio\",\"url\":\"https:\\\/\\\/zennio.creativia.es\\\/fr\\\/\",\"logo\":{\"@type\":\"ImageObject\",\"inLanguage\":\"fr-FR\",\"@id\":\"https:\\\/\\\/zennio.creativia.es\\\/fr\\\/#\\\/schema\\\/logo\\\/image\\\/\",\"url\":\"https:\\\/\\\/zennio.creativia.es\\\/wp-content\\\/uploads\\\/2025\\\/01\\\/Logo_Zennio.png\",\"contentUrl\":\"https:\\\/\\\/zennio.creativia.es\\\/wp-content\\\/uploads\\\/2025\\\/01\\\/Logo_Zennio.png\",\"width\":3392,\"height\":1540,\"caption\":\"Zennio\"},\"image\":{\"@id\":\"https:\\\/\\\/zennio.creativia.es\\\/fr\\\/#\\\/schema\\\/logo\\\/image\\\/\"},\"sameAs\":[\"https:\\\/\\\/www.facebook.com\\\/ZennioSpain\\\/?locale=es_ES\"]}]}<\/script>\n<!-- \/ Yoast SEO plugin. -->","yoast_head_json":{"title":"Demande de support - Zennio","description":"Demande de support Obtenez des r\u00e9ponses rapides et pr\u00e9cises de nos experts de notre support multilingue. D\u00e9tails du contact Demander depuis mon adresse","robots":{"index":"noindex","follow":"follow","max-snippet":"max-snippet:-1","max-image-preview":"max-image-preview:large","max-video-preview":"max-video-preview:-1"},"og_locale":"fr_FR","og_type":"article","og_title":"Demande de support - Zennio","og_description":"Demande de support Obtenez des r\u00e9ponses rapides et pr\u00e9cises de nos experts de notre support multilingue. D\u00e9tails du contact Demander depuis mon adresse","og_url":"https:\/\/zennio.creativia.es\/fr\/demande-de-support\/","og_site_name":"Zennio","article_publisher":"https:\/\/www.facebook.com\/ZennioSpain\/?locale=es_ES","article_modified_time":"2026-04-09T16:14:08+00:00","og_image":[{"width":900,"height":480,"url":"https:\/\/zennio.creativia.es\/wp-content\/uploads\/2025\/01\/oficina-tecnica-y-soporte.png","type":"image\/png"}],"twitter_card":"summary_large_image","schema":{"@context":"https:\/\/schema.org","@graph":[{"@type":"WebPage","@id":"https:\/\/zennio.creativia.es\/fr\/demande-de-support\/","url":"https:\/\/zennio.creativia.es\/fr\/demande-de-support\/","name":"Demande de support - Zennio","isPartOf":{"@id":"https:\/\/zennio.creativia.es\/fr\/#website"},"datePublished":"2025-02-28T10:12:44+00:00","dateModified":"2026-04-09T16:14:08+00:00","description":"Demande de support Obtenez des r\u00e9ponses rapides et pr\u00e9cises de nos experts de notre support multilingue. D\u00e9tails du contact Demander depuis mon adresse","breadcrumb":{"@id":"https:\/\/zennio.creativia.es\/fr\/demande-de-support\/#breadcrumb"},"inLanguage":"fr-FR","potentialAction":[{"@type":"ReadAction","target":["https:\/\/zennio.creativia.es\/fr\/demande-de-support\/"]}]},{"@type":"BreadcrumbList","@id":"https:\/\/zennio.creativia.es\/fr\/demande-de-support\/#breadcrumb","itemListElement":[{"@type":"ListItem","position":1,"name":"Portada","item":"https:\/\/zennio.creativia.es\/fr\/"},{"@type":"ListItem","position":2,"name":"Demande de support"}]},{"@type":"WebSite","@id":"https:\/\/zennio.creativia.es\/fr\/#website","url":"https:\/\/zennio.creativia.es\/fr\/","name":"Zennio","description":"Soluciones de tecnolog\u00eda para hoteles, viviendas y edificios.","publisher":{"@id":"https:\/\/zennio.creativia.es\/fr\/#organization"},"alternateName":"Zennio Global","potentialAction":[{"@type":"SearchAction","target":{"@type":"EntryPoint","urlTemplate":"https:\/\/zennio.creativia.es\/fr\/?s={search_term_string}"},"query-input":{"@type":"PropertyValueSpecification","valueRequired":true,"valueName":"search_term_string"}}],"inLanguage":"fr-FR"},{"@type":"Organization","@id":"https:\/\/zennio.creativia.es\/fr\/#organization","name":"Zennio","alternateName":"Zennio","url":"https:\/\/zennio.creativia.es\/fr\/","logo":{"@type":"ImageObject","inLanguage":"fr-FR","@id":"https:\/\/zennio.creativia.es\/fr\/#\/schema\/logo\/image\/","url":"https:\/\/zennio.creativia.es\/wp-content\/uploads\/2025\/01\/Logo_Zennio.png","contentUrl":"https:\/\/zennio.creativia.es\/wp-content\/uploads\/2025\/01\/Logo_Zennio.png","width":3392,"height":1540,"caption":"Zennio"},"image":{"@id":"https:\/\/zennio.creativia.es\/fr\/#\/schema\/logo\/image\/"},"sameAs":["https:\/\/www.facebook.com\/ZennioSpain\/?locale=es_ES"]}]}},"_links":{"self":[{"href":"https:\/\/zennio.creativia.es\/fr\/wp-json\/wp\/v2\/pages\/84151","targetHints":{"allow":["GET"]}}],"collection":[{"href":"https:\/\/zennio.creativia.es\/fr\/wp-json\/wp\/v2\/pages"}],"about":[{"href":"https:\/\/zennio.creativia.es\/fr\/wp-json\/wp\/v2\/types\/page"}],"author":[{"embeddable":true,"href":"https:\/\/zennio.creativia.es\/fr\/wp-json\/wp\/v2\/users\/1"}],"replies":[{"embeddable":true,"href":"https:\/\/zennio.creativia.es\/fr\/wp-json\/wp\/v2\/comments?post=84151"}],"version-history":[{"count":1,"href":"https:\/\/zennio.creativia.es\/fr\/wp-json\/wp\/v2\/pages\/84151\/revisions"}],"predecessor-version":[{"id":84152,"href":"https:\/\/zennio.creativia.es\/fr\/wp-json\/wp\/v2\/pages\/84151\/revisions\/84152"}],"wp:attachment":[{"href":"https:\/\/zennio.creativia.es\/fr\/wp-json\/wp\/v2\/media?parent=84151"}],"curies":[{"name":"wp","href":"https:\/\/api.w.org\/{rel}","templated":true}]}}