{"id":84078,"date":"2026-03-27T07:35:00","date_gmt":"2026-03-27T06:35:00","guid":{"rendered":"https:\/\/zennio.creativia.es\/es\/couleurs-disponibles\/"},"modified":"2026-04-12T13:49:01","modified_gmt":"2026-04-12T11:49:01","slug":"finishes","status":"publish","type":"page","link":"https:\/\/zennio.creativia.es\/fr\/finishes\/","title":{"rendered":"Couleurs disponibles"},"content":{"rendered":"\t\t<div data-elementor-type=\"wp-page\" data-elementor-id=\"84078\" class=\"elementor elementor-84078 elementor-82518\" data-elementor-post-type=\"page\">\n\t\t\t\t<div class=\"elementor-element elementor-element-b5b2798 e-flex e-con-boxed e-con e-parent\" data-id=\"b5b2798\" data-element_type=\"container\" data-e-type=\"container\" data-settings=\"{&quot;jet_parallax_layout_list&quot;:[]}\">\n\t\t\t\t\t<div class=\"e-con-inner\">\n\t\t\t\t<div class=\"elementor-element elementor-element-14f8f77 elementor-widget elementor-widget-heading\" data-id=\"14f8f77\" data-element_type=\"widget\" data-e-type=\"widget\" data-widget_type=\"heading.default\">\n\t\t\t\t<div class=\"elementor-widget-container\">\n\t\t\t\t\t<h2 class=\"elementor-heading-title elementor-size-default\">Couleurs disponibles<\/h2>\t\t\t\t<\/div>\n\t\t\t\t<\/div>\n\t\t\t\t<div class=\"elementor-element elementor-element-39f8f3d elementor-widget elementor-widget-text-editor\" data-id=\"39f8f3d\" data-element_type=\"widget\" data-e-type=\"widget\" data-widget_type=\"text-editor.default\">\n\t\t\t\t<div class=\"elementor-widget-container\">\n\t\t\t\t\t\t\t\t\t<p>Choisissez la finition qui s\u2019int\u00e8gre le mieux dans votre projet<\/p>\n\t\t\t\t\t\t\t\t<\/div>\n\t\t\t\t<\/div>\n\t\t\t\t\t<\/div>\n\t\t\t\t<\/div>\n\t\t<div class=\"elementor-element elementor-element-52858e3 e-flex e-con-boxed e-con e-parent\" data-id=\"52858e3\" data-element_type=\"container\" data-e-type=\"container\" data-settings=\"{&quot;jet_parallax_layout_list&quot;:[]}\">\n\t\t\t\t\t<div class=\"e-con-inner\">\n\t\t\t\t<div class=\"elementor-element elementor-element-f405203 elementor-widget elementor-widget-text-editor\" data-id=\"f405203\" data-element_type=\"widget\" data-e-type=\"widget\" data-widget_type=\"text-editor.default\">\n\t\t\t\t<div class=\"elementor-widget-container\">\n\t\t\t\t\t\t\t\t\t<p>Zennio propose\u00a0<strong>diff\u00e9rentes finitions<\/strong>\u00a0para s\u2019adapter \u00e0 une\u00a0<strong>grande vari\u00e9t\u00e9 d\u2019ambiances d\u00e9coratives<\/strong>, en utilisant des r\u00e9f\u00e9rences de couleur bas\u00e9es sur des standards internationaux. Dans ce tableau sont list\u00e9es les finitions disponibles, avec leurs r\u00e9f\u00e9rences correspondantes, pour que leur identification et leur s\u00e9lection soient plus faciles.<\/p>\n<p>Les couleurs list\u00e9es sont bas\u00e9es sur le\u00a0<strong>syst\u00e8me RAL<\/strong>, une norme internationale amplement utilis\u00e9e pour d\u00e9finir les nuances de couleurs avec pr\u00e9cision.<\/p>\n<p>Couleurs disponibles pour les produits des familles Flat, Tecla, \u00e9crans tactiles, ZS55 y ZS70\u00a0:<\/p>\n\t\t\t\t\t\t\t\t<\/div>\n\t\t\t\t<\/div>\n\t\t\t\t<div class=\"elementor-element elementor-element-dbb1a59 elementor-widget elementor-widget-html\" data-id=\"dbb1a59\" data-element_type=\"widget\" data-e-type=\"widget\" data-widget_type=\"html.default\">\n\t\t\t\t<div class=\"elementor-widget-container\">\n\t\t\t\t\t<table class=\"zennio-table\">\r\n<thead>\r\n<tr>\r\n<th>Nom de la finition<\/th>\r\n<th>RAL (r\u00e9f\u00e9rence de la couleur)<\/th>\r\n<th>Suffixe YY \/ XX des r\u00e9f<\/th>\r\n<\/tr>\r\n<\/thead>\r\n\r\n<tbody>\r\n\r\n<tr>\r\n<td>\r\n<div class=\"acabado-cell\">\r\n<div class=\"color-circle plata\"><\/div>\r\nArgent\u00e9\r\n<\/div>\r\n<\/td>\r\n<td>RAL 9006<\/td>\r\n<td style=\"text-align:right;\">S \/ 06<\/td>\r\n<\/tr>\r\n\r\n<tr>\r\n<td>\r\n<div class=\"acabado-cell\">\r\n<div class=\"color-circle antracita\"><\/div>\r\nNoir anthracite\r\n<\/div>\r\n<\/td>\r\n<td>RAL 9004<\/td>\r\n<td style=\"text-align:right;\">A \/ 05<\/td>\r\n<\/tr>\r\n\r\n<tr>\r\n<td>\r\n<div class=\"acabado-cell\">\r\n<div class=\"color-circle blanco\"><\/div>\r\nBlanc mat\r\n<\/div>\r\n<\/td>\r\n<td>RAL 9016<\/td>\r\n<td style=\"text-align:right;\">M o MW \/ 09<\/td>\r\n<\/tr>\r\n\r\n<tr>\r\n<td>\r\n<div class=\"acabado-cell\">\r\n<div class=\"color-circle champagne\"><\/div>\r\nChampagne\r\n<\/div>\r\n<\/td>\r\n<td>RAL 1035<\/td>\r\n<td style=\"text-align:right;\">C \/ 04<\/td>\r\n<\/tr>\r\n\r\n<tr>\r\n<td>\r\n<div class=\"acabado-cell\">\r\n<div class=\"color-circle moka\"><\/div>\r\nMoka\r\n<\/div>\r\n<\/td>\r\n<td>RAL 7006<\/td>\r\n<td style=\"text-align:right;\">M \/ 03<\/td>\r\n<\/tr>\r\n\r\n<\/tbody>\r\n<\/table>\r\n<style>\r\n.zennio-table{\r\n    width: 100%;\r\n    border-collapse: collapse;\r\n    margin-top: 10px;\r\n    border: 1px solid rgba(255,255,255,.1);\r\n}\r\n.zennio-table th,\r\n.zennio-table td {\r\n    font-family: var( --e-global-typography-text-font-family ), Sans-serif;\r\n    font-size: 14px;\r\n    border: 1px solid rgba(255,255,255,.1);\r\n    padding: 10px;\r\n    color: #fff;\r\n    vertical-align: middle;\r\n}\r\n.zennio-table th {\r\n    background: rgba(255,255,255,.10);\r\n    font-weight: bold;\r\n}\r\n.acabado-cell {\r\n    display: flex;\r\n    align-items: center;\r\n    gap: 10px;\r\n}\r\n.color-circle {\r\n    width: 28px;\r\n    height: 28px;\r\n    border-radius: 50%;\r\n    border: 1px solid #bbb;\r\n    flex-shrink: 0;\r\n}\r\n.plata { background:#cfcfcf;}\r\n.antracita { background:#2f2f2f;}\r\n.blanco { background:#efefef;}\r\n.champagne { background:#d6c3a9;}\r\n.moka{ background:#6a5f52;}\r\n<\/style>\t\t\t\t<\/div>\n\t\t\t\t<\/div>\n\t\t\t\t\t<\/div>\n\t\t\t\t<\/div>\n\t\t<div class=\"elementor-element elementor-element-e795902 e-flex e-con-boxed e-con e-parent\" data-id=\"e795902\" data-element_type=\"container\" data-e-type=\"container\" data-settings=\"{&quot;jet_parallax_layout_list&quot;:[]}\">\n\t\t\t\t\t<div class=\"e-con-inner\">\n\t\t\t\t<div class=\"elementor-element elementor-element-c85cf5d elementor-widget elementor-widget-text-editor\" data-id=\"c85cf5d\" data-element_type=\"widget\" data-e-type=\"widget\" data-widget_type=\"text-editor.default\">\n\t\t\t\t<div class=\"elementor-widget-container\">\n\t\t\t\t\t\t\t\t\t<p>Couleurs disponibles pour les produits IWAC Out Keypad\u00a0:<\/p>\n\t\t\t\t\t\t\t\t<\/div>\n\t\t\t\t<\/div>\n\t\t\t\t<div class=\"elementor-element elementor-element-7a79a2e elementor-widget elementor-widget-html\" data-id=\"7a79a2e\" data-element_type=\"widget\" data-e-type=\"widget\" data-widget_type=\"html.default\">\n\t\t\t\t<div class=\"elementor-widget-container\">\n\t\t\t\t\t<table class=\"zennio-table\">\r\n<thead>\r\n<tr>\r\n<th>Nom de la finition<\/th>\r\n<th>RAL (r\u00e9f\u00e9rence de la couleur)<\/th>\r\n<th>Suffixe YY \/ XX des r\u00e9f<\/th>\r\n<\/tr>\r\n<\/thead>\r\n\r\n<tbody>\r\n\r\n<tr>\r\n<td>\r\n<div class=\"acabado-cell\">\r\n<div class=\"color-circle blanco\"><\/div>\r\nBlanc mat\r\n<\/div>\r\n<\/td>\r\n<td>RAL 9016<\/td>\r\n<td style=\"text-align:right;\">M o MW \/ 09<\/td>\r\n<\/tr>\r\n\r\n<tr>\r\n<td>\r\n<div class=\"acabado-cell\">\r\n<div class=\"color-circle antracita\"><\/div>\r\nNoir anthracite\r\n<\/div>\r\n<\/td>\r\n<td>RAL 9004<\/td>\r\n<td style=\"text-align:right;\">A \/ 05<\/td>\r\n<\/tr>\r\n\r\n<\/tbody>\r\n<\/table>\r\n<style>\r\n.zennio-table{\r\n    width: 100%;\r\n    border-collapse: collapse;\r\n    margin-top: 10px;\r\n    border: 1px solid rgba(255,255,255,.1);\r\n}\r\n.zennio-table th,\r\n.zennio-table td {\r\n    font-family: var( --e-global-typography-text-font-family ), Sans-serif;\r\n    font-size: 14px;\r\n    border: 1px solid rgba(255,255,255,.1);\r\n    padding: 10px;\r\n    color: #fff;\r\n    vertical-align: middle;\r\n}\r\n.zennio-table th {\r\n    background: rgba(255,255,255,.10);\r\n    font-weight: bold;\r\n}\r\n.acabado-cell {\r\n    display: flex;\r\n    align-items: center;\r\n    gap: 10px;\r\n}\r\n.color-circle {\r\n    width: 28px;\r\n    height: 28px;\r\n    border-radius: 50%;\r\n    border: 1px solid #bbb;\r\n    flex-shrink: 0;\r\n}\r\n.plata { background:#cfcfcf;}\r\n.antracita { background:#2f2f2f;}\r\n.blanco { background:#efefef;}\r\n.champagne { background:#d6c3a9;}\r\n.moka{ background:#6a5f52;}\r\n<\/style>\t\t\t\t<\/div>\n\t\t\t\t<\/div>\n\t\t\t\t\t<\/div>\n\t\t\t\t<\/div>\n\t\t\t\t<\/div>\n\t\t","protected":false},"excerpt":{"rendered":"<p>Couleurs disponibles Choisissez la finition qui s\u2019int\u00e8gre le mieux dans votre projet Zennio propose\u00a0diff\u00e9rentes finitions\u00a0para s\u2019adapter \u00e0 une\u00a0grande vari\u00e9t\u00e9 d\u2019ambiances d\u00e9coratives, en utilisant des r\u00e9f\u00e9rences de couleur bas\u00e9es sur des standards internationaux. Dans ce tableau sont list\u00e9es les finitions disponibles, avec leurs r\u00e9f\u00e9rences correspondantes, pour que leur identification et leur s\u00e9lection soient plus faciles. Les [&hellip;]<\/p>\n","protected":false},"author":1,"featured_media":0,"parent":0,"menu_order":0,"comment_status":"closed","ping_status":"closed","template":"elementor_header_footer","meta":{"footnotes":""},"class_list":["post-84078","page","type-page","status-publish","hentry"],"yoast_head":"<!-- This site is optimized with the Yoast SEO plugin v27.4 - https:\/\/yoast.com\/product\/yoast-seo-wordpress\/ -->\n<title>Couleurs disponibles - Zennio<\/title>\n<meta name=\"description\" content=\"Couleurs disponibles Choisissez la finition qui s\u2019int\u00e8gre le mieux dans votre projet Zennio propose\u00a0diff\u00e9rentes finitions\u00a0para s\u2019adapter \u00e0 une\u00a0grande\" \/>\n<meta name=\"robots\" content=\"noindex, follow, max-snippet:-1, max-image-preview:large, max-video-preview:-1\" \/>\n<meta property=\"og:locale\" content=\"fr_FR\" \/>\n<meta property=\"og:type\" content=\"article\" \/>\n<meta property=\"og:title\" content=\"Couleurs disponibles - Zennio\" \/>\n<meta property=\"og:description\" content=\"Couleurs disponibles Choisissez la finition qui s\u2019int\u00e8gre le mieux dans votre projet Zennio propose\u00a0diff\u00e9rentes finitions\u00a0para s\u2019adapter \u00e0 une\u00a0grande\" \/>\n<meta property=\"og:url\" content=\"https:\/\/zennio.creativia.es\/fr\/finishes\/\" \/>\n<meta property=\"og:site_name\" content=\"Zennio\" \/>\n<meta property=\"article:publisher\" content=\"https:\/\/www.facebook.com\/ZennioSpain\/?locale=es_ES\" \/>\n<meta property=\"article:modified_time\" content=\"2026-04-12T11:49:01+00:00\" \/>\n<meta property=\"og:image\" content=\"https:\/\/zennio.creativia.es\/wp-content\/uploads\/2025\/01\/oficina-tecnica-y-soporte.png\" \/>\n\t<meta property=\"og:image:width\" content=\"900\" \/>\n\t<meta property=\"og:image:height\" content=\"480\" \/>\n\t<meta property=\"og:image:type\" content=\"image\/png\" \/>\n<meta name=\"twitter:card\" content=\"summary_large_image\" \/>\n<script type=\"application\/ld+json\" class=\"yoast-schema-graph\">{\"@context\":\"https:\\\/\\\/schema.org\",\"@graph\":[{\"@type\":\"WebPage\",\"@id\":\"https:\\\/\\\/zennio.creativia.es\\\/fr\\\/finishes\\\/\",\"url\":\"https:\\\/\\\/zennio.creativia.es\\\/fr\\\/finishes\\\/\",\"name\":\"Couleurs disponibles - Zennio\",\"isPartOf\":{\"@id\":\"https:\\\/\\\/zennio.creativia.es\\\/fr\\\/#website\"},\"datePublished\":\"2026-03-27T06:35:00+00:00\",\"dateModified\":\"2026-04-12T11:49:01+00:00\",\"description\":\"Couleurs disponibles Choisissez la finition qui s\u2019int\u00e8gre le mieux dans votre projet Zennio propose\u00a0diff\u00e9rentes finitions\u00a0para s\u2019adapter \u00e0 une\u00a0grande\",\"breadcrumb\":{\"@id\":\"https:\\\/\\\/zennio.creativia.es\\\/fr\\\/finishes\\\/#breadcrumb\"},\"inLanguage\":\"fr-FR\",\"potentialAction\":[{\"@type\":\"ReadAction\",\"target\":[\"https:\\\/\\\/zennio.creativia.es\\\/fr\\\/finishes\\\/\"]}]},{\"@type\":\"BreadcrumbList\",\"@id\":\"https:\\\/\\\/zennio.creativia.es\\\/fr\\\/finishes\\\/#breadcrumb\",\"itemListElement\":[{\"@type\":\"ListItem\",\"position\":1,\"name\":\"Portada\",\"item\":\"https:\\\/\\\/zennio.creativia.es\\\/fr\\\/\"},{\"@type\":\"ListItem\",\"position\":2,\"name\":\"Couleurs disponibles\"}]},{\"@type\":\"WebSite\",\"@id\":\"https:\\\/\\\/zennio.creativia.es\\\/fr\\\/#website\",\"url\":\"https:\\\/\\\/zennio.creativia.es\\\/fr\\\/\",\"name\":\"Zennio\",\"description\":\"Soluciones de tecnolog\u00eda para hoteles, viviendas y edificios.\",\"publisher\":{\"@id\":\"https:\\\/\\\/zennio.creativia.es\\\/fr\\\/#organization\"},\"alternateName\":\"Zennio Global\",\"potentialAction\":[{\"@type\":\"SearchAction\",\"target\":{\"@type\":\"EntryPoint\",\"urlTemplate\":\"https:\\\/\\\/zennio.creativia.es\\\/fr\\\/?s={search_term_string}\"},\"query-input\":{\"@type\":\"PropertyValueSpecification\",\"valueRequired\":true,\"valueName\":\"search_term_string\"}}],\"inLanguage\":\"fr-FR\"},{\"@type\":\"Organization\",\"@id\":\"https:\\\/\\\/zennio.creativia.es\\\/fr\\\/#organization\",\"name\":\"Zennio\",\"alternateName\":\"Zennio\",\"url\":\"https:\\\/\\\/zennio.creativia.es\\\/fr\\\/\",\"logo\":{\"@type\":\"ImageObject\",\"inLanguage\":\"fr-FR\",\"@id\":\"https:\\\/\\\/zennio.creativia.es\\\/fr\\\/#\\\/schema\\\/logo\\\/image\\\/\",\"url\":\"https:\\\/\\\/zennio.creativia.es\\\/wp-content\\\/uploads\\\/2025\\\/01\\\/Logo_Zennio.png\",\"contentUrl\":\"https:\\\/\\\/zennio.creativia.es\\\/wp-content\\\/uploads\\\/2025\\\/01\\\/Logo_Zennio.png\",\"width\":3392,\"height\":1540,\"caption\":\"Zennio\"},\"image\":{\"@id\":\"https:\\\/\\\/zennio.creativia.es\\\/fr\\\/#\\\/schema\\\/logo\\\/image\\\/\"},\"sameAs\":[\"https:\\\/\\\/www.facebook.com\\\/ZennioSpain\\\/?locale=es_ES\"]}]}<\/script>\n<!-- \/ Yoast SEO plugin. -->","yoast_head_json":{"title":"Couleurs disponibles - Zennio","description":"Couleurs disponibles Choisissez la finition qui s\u2019int\u00e8gre le mieux dans votre projet Zennio propose\u00a0diff\u00e9rentes finitions\u00a0para s\u2019adapter \u00e0 une\u00a0grande","robots":{"index":"noindex","follow":"follow","max-snippet":"max-snippet:-1","max-image-preview":"max-image-preview:large","max-video-preview":"max-video-preview:-1"},"og_locale":"fr_FR","og_type":"article","og_title":"Couleurs disponibles - Zennio","og_description":"Couleurs disponibles Choisissez la finition qui s\u2019int\u00e8gre le mieux dans votre projet Zennio propose\u00a0diff\u00e9rentes finitions\u00a0para s\u2019adapter \u00e0 une\u00a0grande","og_url":"https:\/\/zennio.creativia.es\/fr\/finishes\/","og_site_name":"Zennio","article_publisher":"https:\/\/www.facebook.com\/ZennioSpain\/?locale=es_ES","article_modified_time":"2026-04-12T11:49:01+00:00","og_image":[{"width":900,"height":480,"url":"https:\/\/zennio.creativia.es\/wp-content\/uploads\/2025\/01\/oficina-tecnica-y-soporte.png","type":"image\/png"}],"twitter_card":"summary_large_image","schema":{"@context":"https:\/\/schema.org","@graph":[{"@type":"WebPage","@id":"https:\/\/zennio.creativia.es\/fr\/finishes\/","url":"https:\/\/zennio.creativia.es\/fr\/finishes\/","name":"Couleurs disponibles - Zennio","isPartOf":{"@id":"https:\/\/zennio.creativia.es\/fr\/#website"},"datePublished":"2026-03-27T06:35:00+00:00","dateModified":"2026-04-12T11:49:01+00:00","description":"Couleurs disponibles Choisissez la finition qui s\u2019int\u00e8gre le mieux dans votre projet Zennio propose\u00a0diff\u00e9rentes finitions\u00a0para s\u2019adapter \u00e0 une\u00a0grande","breadcrumb":{"@id":"https:\/\/zennio.creativia.es\/fr\/finishes\/#breadcrumb"},"inLanguage":"fr-FR","potentialAction":[{"@type":"ReadAction","target":["https:\/\/zennio.creativia.es\/fr\/finishes\/"]}]},{"@type":"BreadcrumbList","@id":"https:\/\/zennio.creativia.es\/fr\/finishes\/#breadcrumb","itemListElement":[{"@type":"ListItem","position":1,"name":"Portada","item":"https:\/\/zennio.creativia.es\/fr\/"},{"@type":"ListItem","position":2,"name":"Couleurs disponibles"}]},{"@type":"WebSite","@id":"https:\/\/zennio.creativia.es\/fr\/#website","url":"https:\/\/zennio.creativia.es\/fr\/","name":"Zennio","description":"Soluciones de tecnolog\u00eda para hoteles, viviendas y edificios.","publisher":{"@id":"https:\/\/zennio.creativia.es\/fr\/#organization"},"alternateName":"Zennio Global","potentialAction":[{"@type":"SearchAction","target":{"@type":"EntryPoint","urlTemplate":"https:\/\/zennio.creativia.es\/fr\/?s={search_term_string}"},"query-input":{"@type":"PropertyValueSpecification","valueRequired":true,"valueName":"search_term_string"}}],"inLanguage":"fr-FR"},{"@type":"Organization","@id":"https:\/\/zennio.creativia.es\/fr\/#organization","name":"Zennio","alternateName":"Zennio","url":"https:\/\/zennio.creativia.es\/fr\/","logo":{"@type":"ImageObject","inLanguage":"fr-FR","@id":"https:\/\/zennio.creativia.es\/fr\/#\/schema\/logo\/image\/","url":"https:\/\/zennio.creativia.es\/wp-content\/uploads\/2025\/01\/Logo_Zennio.png","contentUrl":"https:\/\/zennio.creativia.es\/wp-content\/uploads\/2025\/01\/Logo_Zennio.png","width":3392,"height":1540,"caption":"Zennio"},"image":{"@id":"https:\/\/zennio.creativia.es\/fr\/#\/schema\/logo\/image\/"},"sameAs":["https:\/\/www.facebook.com\/ZennioSpain\/?locale=es_ES"]}]}},"_links":{"self":[{"href":"https:\/\/zennio.creativia.es\/fr\/wp-json\/wp\/v2\/pages\/84078","targetHints":{"allow":["GET"]}}],"collection":[{"href":"https:\/\/zennio.creativia.es\/fr\/wp-json\/wp\/v2\/pages"}],"about":[{"href":"https:\/\/zennio.creativia.es\/fr\/wp-json\/wp\/v2\/types\/page"}],"author":[{"embeddable":true,"href":"https:\/\/zennio.creativia.es\/fr\/wp-json\/wp\/v2\/users\/1"}],"replies":[{"embeddable":true,"href":"https:\/\/zennio.creativia.es\/fr\/wp-json\/wp\/v2\/comments?post=84078"}],"version-history":[{"count":1,"href":"https:\/\/zennio.creativia.es\/fr\/wp-json\/wp\/v2\/pages\/84078\/revisions"}],"predecessor-version":[{"id":84079,"href":"https:\/\/zennio.creativia.es\/fr\/wp-json\/wp\/v2\/pages\/84078\/revisions\/84079"}],"wp:attachment":[{"href":"https:\/\/zennio.creativia.es\/fr\/wp-json\/wp\/v2\/media?parent=84078"}],"curies":[{"name":"wp","href":"https:\/\/api.w.org\/{rel}","templated":true}]}}