{"id":84059,"date":"2026-04-07T10:36:16","date_gmt":"2026-04-07T08:36:16","guid":{"rendered":"https:\/\/zennio.creativia.es\/es\/aides-du-programme-adelante-digitalizacion-pour-la-transformation-numerique\/"},"modified":"2026-04-09T12:12:12","modified_gmt":"2026-04-09T10:12:12","slug":"aides-du-programme-adelante-digitalizacion-pour-la-transformation-numerique","status":"publish","type":"page","link":"https:\/\/zennio.creativia.es\/fr\/aides-du-programme-adelante-digitalizacion-pour-la-transformation-numerique\/","title":{"rendered":"Aides du programme \u00ab Adelante Digitalizaci\u00f3n \u00bb pour la transformation num\u00e9rique"},"content":{"rendered":"\t\t<div data-elementor-type=\"wp-page\" data-elementor-id=\"84059\" class=\"elementor elementor-84059 elementor-83038\" data-elementor-post-type=\"page\">\n\t\t\t\t<div class=\"elementor-element elementor-element-a1c140f e-flex e-con-boxed e-con e-parent\" data-id=\"a1c140f\" data-element_type=\"container\" data-e-type=\"container\" data-settings=\"{&quot;jet_parallax_layout_list&quot;:[]}\">\n\t\t\t\t\t<div class=\"e-con-inner\">\n\t\t\t\t<div class=\"elementor-element elementor-element-4f2a753 elementor-widget elementor-widget-heading\" data-id=\"4f2a753\" data-element_type=\"widget\" data-e-type=\"widget\" data-widget_type=\"heading.default\">\n\t\t\t\t<div class=\"elementor-widget-container\">\n\t\t\t\t\t<h2 class=\"elementor-heading-title elementor-size-default\">Aides du programme \u00ab Adelante Digitalizaci\u00f3n \u00bb pour la transformation num\u00e9rique<\/h2>\t\t\t\t<\/div>\n\t\t\t\t<\/div>\n\t\t\t\t<div class=\"elementor-element elementor-element-8a6f4fc elementor-widget elementor-widget-text-editor\" data-id=\"8a6f4fc\" data-element_type=\"widget\" data-e-type=\"widget\" data-widget_type=\"text-editor.default\">\n\t\t\t\t<div class=\"elementor-widget-container\">\n\t\t\t\t\t\t\t\t\t<p>Aides \u2013 Adelante Digitalizaci\u00f3n \u2013 destin\u00e9es \u00e0 soutenir la transformation num\u00e9rique de l&rsquo;industrie manufacturi\u00e8re de Castille-La Manche (MAN 2022)<\/p>\n<p>Objectif du projet : optimiser l&rsquo;efficacit\u00e9 et la productivit\u00e9 gr\u00e2ce \u00e0 la mise en \u0153uvre du syst\u00e8me int\u00e9gral de contr\u00f4le des processus et des ressources de production MES\/MOM Doeet.<\/p>\n\t\t\t\t\t\t\t\t<\/div>\n\t\t\t\t<\/div>\n\t\t<div class=\"elementor-element elementor-element-2c0f859 e-con-full e-flex e-con e-child\" data-id=\"2c0f859\" data-element_type=\"container\" data-e-type=\"container\" data-settings=\"{&quot;background_background&quot;:&quot;classic&quot;,&quot;jet_parallax_layout_list&quot;:[]}\">\n\t\t\t\t<div class=\"elementor-element elementor-element-760b2ef elementor-widget__width-auto elementor-widget elementor-widget-image\" data-id=\"760b2ef\" data-element_type=\"widget\" data-e-type=\"widget\" data-widget_type=\"image.default\">\n\t\t\t\t<div class=\"elementor-widget-container\">\n\t\t\t\t\t\t\t\t\t\t\t\t\t\t\t<img fetchpriority=\"high\" decoding=\"async\" width=\"910\" height=\"922\" src=\"https:\/\/zennio.creativia.es\/wp-content\/uploads\/2026\/04\/es_co_fundedvertical_rgb_pos.png\" class=\"attachment-full size-full wp-image-83587\" alt=\"\" srcset=\"https:\/\/zennio.creativia.es\/wp-content\/uploads\/2026\/04\/es_co_fundedvertical_rgb_pos.png 910w, https:\/\/zennio.creativia.es\/wp-content\/uploads\/2026\/04\/es_co_fundedvertical_rgb_pos-296x300.png 296w, https:\/\/zennio.creativia.es\/wp-content\/uploads\/2026\/04\/es_co_fundedvertical_rgb_pos-768x778.png 768w\" sizes=\"(max-width: 910px) 100vw, 910px\" \/>\t\t\t\t\t\t\t\t\t\t\t\t\t\t\t<\/div>\n\t\t\t\t<\/div>\n\t\t\t\t<div class=\"elementor-element elementor-element-127211e elementor-widget__width-auto elementor-widget elementor-widget-image\" data-id=\"127211e\" data-element_type=\"widget\" data-e-type=\"widget\" data-widget_type=\"image.default\">\n\t\t\t\t<div class=\"elementor-widget-container\">\n\t\t\t\t\t\t\t\t\t\t\t\t\t\t\t<img decoding=\"async\" width=\"1223\" height=\"156\" src=\"https:\/\/zennio.creativia.es\/wp-content\/uploads\/2026\/04\/Logo_Espana_Fondos_Europeos.png\" class=\"attachment-full size-full wp-image-84060\" alt=\"\" srcset=\"https:\/\/zennio.creativia.es\/wp-content\/uploads\/2026\/04\/Logo_Espana_Fondos_Europeos.png 1223w, https:\/\/zennio.creativia.es\/wp-content\/uploads\/2026\/04\/Logo_Espana_Fondos_Europeos-300x38.png 300w, https:\/\/zennio.creativia.es\/wp-content\/uploads\/2026\/04\/Logo_Espana_Fondos_Europeos-1024x131.png 1024w, https:\/\/zennio.creativia.es\/wp-content\/uploads\/2026\/04\/Logo_Espana_Fondos_Europeos-768x98.png 768w\" sizes=\"(max-width: 1223px) 100vw, 1223px\" \/>\t\t\t\t\t\t\t\t\t\t\t\t\t\t\t<\/div>\n\t\t\t\t<\/div>\n\t\t\t\t<div class=\"elementor-element elementor-element-d0446f0 elementor-widget__width-auto elementor-widget elementor-widget-image\" data-id=\"d0446f0\" data-element_type=\"widget\" data-e-type=\"widget\" data-widget_type=\"image.default\">\n\t\t\t\t<div class=\"elementor-widget-container\">\n\t\t\t\t\t\t\t\t\t\t\t\t\t\t\t<img decoding=\"async\" width=\"1314\" height=\"845\" src=\"https:\/\/zennio.creativia.es\/wp-content\/uploads\/2026\/04\/logo_corporativo_jccm_negativo_azul_5-1.png\" class=\"attachment-full size-full wp-image-84061\" alt=\"\" srcset=\"https:\/\/zennio.creativia.es\/wp-content\/uploads\/2026\/04\/logo_corporativo_jccm_negativo_azul_5-1.png 1314w, https:\/\/zennio.creativia.es\/wp-content\/uploads\/2026\/04\/logo_corporativo_jccm_negativo_azul_5-1-300x193.png 300w, https:\/\/zennio.creativia.es\/wp-content\/uploads\/2026\/04\/logo_corporativo_jccm_negativo_azul_5-1-1024x659.png 1024w, https:\/\/zennio.creativia.es\/wp-content\/uploads\/2026\/04\/logo_corporativo_jccm_negativo_azul_5-1-768x494.png 768w\" sizes=\"(max-width: 1314px) 100vw, 1314px\" \/>\t\t\t\t\t\t\t\t\t\t\t\t\t\t\t<\/div>\n\t\t\t\t<\/div>\n\t\t\t\t<\/div>\n\t\t\t\t\t<\/div>\n\t\t\t\t<\/div>\n\t\t\t\t<\/div>\n\t\t","protected":false},"excerpt":{"rendered":"<p>Aides du programme \u00ab Adelante Digitalizaci\u00f3n \u00bb pour la transformation num\u00e9rique Aides \u2013 Adelante Digitalizaci\u00f3n \u2013 destin\u00e9es \u00e0 soutenir la transformation num\u00e9rique de l&rsquo;industrie manufacturi\u00e8re de Castille-La Manche (MAN 2022) Objectif du projet : optimiser l&rsquo;efficacit\u00e9 et la productivit\u00e9 gr\u00e2ce \u00e0 la mise en \u0153uvre du syst\u00e8me int\u00e9gral de contr\u00f4le des processus et des ressources [&hellip;]<\/p>\n","protected":false},"author":1,"featured_media":0,"parent":0,"menu_order":0,"comment_status":"closed","ping_status":"closed","template":"elementor_header_footer","meta":{"footnotes":""},"class_list":["post-84059","page","type-page","status-publish","hentry"],"yoast_head":"<!-- This site is optimized with the Yoast SEO plugin v27.4 - https:\/\/yoast.com\/product\/yoast-seo-wordpress\/ -->\n<title>Aides du programme \u00ab Adelante Digitalizaci\u00f3n \u00bb pour la transformation num\u00e9rique - Zennio<\/title>\n<meta name=\"description\" content=\"Aides du programme \u00ab Adelante Digitalizaci\u00f3n \u00bb pour la transformation num\u00e9rique Aides \u2013 Adelante Digitalizaci\u00f3n \u2013 destin\u00e9es \u00e0 soutenir la transformation\" \/>\n<meta name=\"robots\" content=\"noindex, nofollow, max-snippet:-1, max-image-preview:large, max-video-preview:-1\" \/>\n<meta property=\"og:locale\" content=\"fr_FR\" \/>\n<meta property=\"og:type\" content=\"article\" \/>\n<meta property=\"og:title\" content=\"Aides du programme \u00ab Adelante Digitalizaci\u00f3n \u00bb pour la transformation num\u00e9rique - Zennio\" \/>\n<meta property=\"og:description\" content=\"Aides du programme \u00ab Adelante Digitalizaci\u00f3n \u00bb pour la transformation num\u00e9rique Aides \u2013 Adelante Digitalizaci\u00f3n \u2013 destin\u00e9es \u00e0 soutenir la transformation\" \/>\n<meta property=\"og:url\" content=\"https:\/\/zennio.creativia.es\/fr\/aides-du-programme-adelante-digitalizacion-pour-la-transformation-numerique\/\" \/>\n<meta property=\"og:site_name\" content=\"Zennio\" \/>\n<meta property=\"article:publisher\" content=\"https:\/\/www.facebook.com\/ZennioSpain\/?locale=es_ES\" \/>\n<meta property=\"article:modified_time\" content=\"2026-04-09T10:12:12+00:00\" \/>\n<meta property=\"og:image\" content=\"https:\/\/zennio.creativia.es\/wp-content\/uploads\/2026\/04\/es_co_fundedvertical_rgb_pos.png\" \/>\n\t<meta property=\"og:image:width\" content=\"910\" \/>\n\t<meta property=\"og:image:height\" content=\"922\" \/>\n\t<meta property=\"og:image:type\" content=\"image\/png\" \/>\n<meta name=\"twitter:card\" content=\"summary_large_image\" \/>\n<script type=\"application\/ld+json\" class=\"yoast-schema-graph\">{\"@context\":\"https:\\\/\\\/schema.org\",\"@graph\":[{\"@type\":\"WebPage\",\"@id\":\"https:\\\/\\\/zennio.creativia.es\\\/fr\\\/aides-du-programme-adelante-digitalizacion-pour-la-transformation-numerique\\\/\",\"url\":\"https:\\\/\\\/zennio.creativia.es\\\/fr\\\/aides-du-programme-adelante-digitalizacion-pour-la-transformation-numerique\\\/\",\"name\":\"Aides du programme \u00ab Adelante Digitalizaci\u00f3n \u00bb pour la transformation num\u00e9rique - Zennio\",\"isPartOf\":{\"@id\":\"https:\\\/\\\/zennio.creativia.es\\\/fr\\\/#website\"},\"primaryImageOfPage\":{\"@id\":\"https:\\\/\\\/zennio.creativia.es\\\/fr\\\/aides-du-programme-adelante-digitalizacion-pour-la-transformation-numerique\\\/#primaryimage\"},\"image\":{\"@id\":\"https:\\\/\\\/zennio.creativia.es\\\/fr\\\/aides-du-programme-adelante-digitalizacion-pour-la-transformation-numerique\\\/#primaryimage\"},\"thumbnailUrl\":\"https:\\\/\\\/zennio.creativia.es\\\/wp-content\\\/uploads\\\/2026\\\/04\\\/es_co_fundedvertical_rgb_pos.png\",\"datePublished\":\"2026-04-07T08:36:16+00:00\",\"dateModified\":\"2026-04-09T10:12:12+00:00\",\"description\":\"Aides du programme \u00ab Adelante Digitalizaci\u00f3n \u00bb pour la transformation num\u00e9rique Aides \u2013 Adelante Digitalizaci\u00f3n \u2013 destin\u00e9es \u00e0 soutenir la transformation\",\"breadcrumb\":{\"@id\":\"https:\\\/\\\/zennio.creativia.es\\\/fr\\\/aides-du-programme-adelante-digitalizacion-pour-la-transformation-numerique\\\/#breadcrumb\"},\"inLanguage\":\"fr-FR\",\"potentialAction\":[{\"@type\":\"ReadAction\",\"target\":[\"https:\\\/\\\/zennio.creativia.es\\\/fr\\\/aides-du-programme-adelante-digitalizacion-pour-la-transformation-numerique\\\/\"]}]},{\"@type\":\"ImageObject\",\"inLanguage\":\"fr-FR\",\"@id\":\"https:\\\/\\\/zennio.creativia.es\\\/fr\\\/aides-du-programme-adelante-digitalizacion-pour-la-transformation-numerique\\\/#primaryimage\",\"url\":\"https:\\\/\\\/zennio.creativia.es\\\/wp-content\\\/uploads\\\/2026\\\/04\\\/es_co_fundedvertical_rgb_pos.png\",\"contentUrl\":\"https:\\\/\\\/zennio.creativia.es\\\/wp-content\\\/uploads\\\/2026\\\/04\\\/es_co_fundedvertical_rgb_pos.png\"},{\"@type\":\"BreadcrumbList\",\"@id\":\"https:\\\/\\\/zennio.creativia.es\\\/fr\\\/aides-du-programme-adelante-digitalizacion-pour-la-transformation-numerique\\\/#breadcrumb\",\"itemListElement\":[{\"@type\":\"ListItem\",\"position\":1,\"name\":\"Portada\",\"item\":\"https:\\\/\\\/zennio.creativia.es\\\/fr\\\/\"},{\"@type\":\"ListItem\",\"position\":2,\"name\":\"Aides du programme \u00ab Adelante Digitalizaci\u00f3n \u00bb pour la transformation num\u00e9rique\"}]},{\"@type\":\"WebSite\",\"@id\":\"https:\\\/\\\/zennio.creativia.es\\\/fr\\\/#website\",\"url\":\"https:\\\/\\\/zennio.creativia.es\\\/fr\\\/\",\"name\":\"Zennio\",\"description\":\"Soluciones de tecnolog\u00eda para hoteles, viviendas y edificios.\",\"publisher\":{\"@id\":\"https:\\\/\\\/zennio.creativia.es\\\/fr\\\/#organization\"},\"alternateName\":\"Zennio Global\",\"potentialAction\":[{\"@type\":\"SearchAction\",\"target\":{\"@type\":\"EntryPoint\",\"urlTemplate\":\"https:\\\/\\\/zennio.creativia.es\\\/fr\\\/?s={search_term_string}\"},\"query-input\":{\"@type\":\"PropertyValueSpecification\",\"valueRequired\":true,\"valueName\":\"search_term_string\"}}],\"inLanguage\":\"fr-FR\"},{\"@type\":\"Organization\",\"@id\":\"https:\\\/\\\/zennio.creativia.es\\\/fr\\\/#organization\",\"name\":\"Zennio\",\"alternateName\":\"Zennio\",\"url\":\"https:\\\/\\\/zennio.creativia.es\\\/fr\\\/\",\"logo\":{\"@type\":\"ImageObject\",\"inLanguage\":\"fr-FR\",\"@id\":\"https:\\\/\\\/zennio.creativia.es\\\/fr\\\/#\\\/schema\\\/logo\\\/image\\\/\",\"url\":\"https:\\\/\\\/zennio.creativia.es\\\/wp-content\\\/uploads\\\/2025\\\/01\\\/Logo_Zennio.png\",\"contentUrl\":\"https:\\\/\\\/zennio.creativia.es\\\/wp-content\\\/uploads\\\/2025\\\/01\\\/Logo_Zennio.png\",\"width\":3392,\"height\":1540,\"caption\":\"Zennio\"},\"image\":{\"@id\":\"https:\\\/\\\/zennio.creativia.es\\\/fr\\\/#\\\/schema\\\/logo\\\/image\\\/\"},\"sameAs\":[\"https:\\\/\\\/www.facebook.com\\\/ZennioSpain\\\/?locale=es_ES\"]}]}<\/script>\n<!-- \/ Yoast SEO plugin. -->","yoast_head_json":{"title":"Aides du programme \u00ab Adelante Digitalizaci\u00f3n \u00bb pour la transformation num\u00e9rique - Zennio","description":"Aides du programme \u00ab Adelante Digitalizaci\u00f3n \u00bb pour la transformation num\u00e9rique Aides \u2013 Adelante Digitalizaci\u00f3n \u2013 destin\u00e9es \u00e0 soutenir la transformation","robots":{"index":"noindex","follow":"nofollow","max-snippet":"max-snippet:-1","max-image-preview":"max-image-preview:large","max-video-preview":"max-video-preview:-1"},"og_locale":"fr_FR","og_type":"article","og_title":"Aides du programme \u00ab Adelante Digitalizaci\u00f3n \u00bb pour la transformation num\u00e9rique - Zennio","og_description":"Aides du programme \u00ab Adelante Digitalizaci\u00f3n \u00bb pour la transformation num\u00e9rique Aides \u2013 Adelante Digitalizaci\u00f3n \u2013 destin\u00e9es \u00e0 soutenir la transformation","og_url":"https:\/\/zennio.creativia.es\/fr\/aides-du-programme-adelante-digitalizacion-pour-la-transformation-numerique\/","og_site_name":"Zennio","article_publisher":"https:\/\/www.facebook.com\/ZennioSpain\/?locale=es_ES","article_modified_time":"2026-04-09T10:12:12+00:00","og_image":[{"width":910,"height":922,"url":"https:\/\/zennio.creativia.es\/wp-content\/uploads\/2026\/04\/es_co_fundedvertical_rgb_pos.png","type":"image\/png"}],"twitter_card":"summary_large_image","schema":{"@context":"https:\/\/schema.org","@graph":[{"@type":"WebPage","@id":"https:\/\/zennio.creativia.es\/fr\/aides-du-programme-adelante-digitalizacion-pour-la-transformation-numerique\/","url":"https:\/\/zennio.creativia.es\/fr\/aides-du-programme-adelante-digitalizacion-pour-la-transformation-numerique\/","name":"Aides du programme \u00ab Adelante Digitalizaci\u00f3n \u00bb pour la transformation num\u00e9rique - Zennio","isPartOf":{"@id":"https:\/\/zennio.creativia.es\/fr\/#website"},"primaryImageOfPage":{"@id":"https:\/\/zennio.creativia.es\/fr\/aides-du-programme-adelante-digitalizacion-pour-la-transformation-numerique\/#primaryimage"},"image":{"@id":"https:\/\/zennio.creativia.es\/fr\/aides-du-programme-adelante-digitalizacion-pour-la-transformation-numerique\/#primaryimage"},"thumbnailUrl":"https:\/\/zennio.creativia.es\/wp-content\/uploads\/2026\/04\/es_co_fundedvertical_rgb_pos.png","datePublished":"2026-04-07T08:36:16+00:00","dateModified":"2026-04-09T10:12:12+00:00","description":"Aides du programme \u00ab Adelante Digitalizaci\u00f3n \u00bb pour la transformation num\u00e9rique Aides \u2013 Adelante Digitalizaci\u00f3n \u2013 destin\u00e9es \u00e0 soutenir la transformation","breadcrumb":{"@id":"https:\/\/zennio.creativia.es\/fr\/aides-du-programme-adelante-digitalizacion-pour-la-transformation-numerique\/#breadcrumb"},"inLanguage":"fr-FR","potentialAction":[{"@type":"ReadAction","target":["https:\/\/zennio.creativia.es\/fr\/aides-du-programme-adelante-digitalizacion-pour-la-transformation-numerique\/"]}]},{"@type":"ImageObject","inLanguage":"fr-FR","@id":"https:\/\/zennio.creativia.es\/fr\/aides-du-programme-adelante-digitalizacion-pour-la-transformation-numerique\/#primaryimage","url":"https:\/\/zennio.creativia.es\/wp-content\/uploads\/2026\/04\/es_co_fundedvertical_rgb_pos.png","contentUrl":"https:\/\/zennio.creativia.es\/wp-content\/uploads\/2026\/04\/es_co_fundedvertical_rgb_pos.png"},{"@type":"BreadcrumbList","@id":"https:\/\/zennio.creativia.es\/fr\/aides-du-programme-adelante-digitalizacion-pour-la-transformation-numerique\/#breadcrumb","itemListElement":[{"@type":"ListItem","position":1,"name":"Portada","item":"https:\/\/zennio.creativia.es\/fr\/"},{"@type":"ListItem","position":2,"name":"Aides du programme \u00ab Adelante Digitalizaci\u00f3n \u00bb pour la transformation num\u00e9rique"}]},{"@type":"WebSite","@id":"https:\/\/zennio.creativia.es\/fr\/#website","url":"https:\/\/zennio.creativia.es\/fr\/","name":"Zennio","description":"Soluciones de tecnolog\u00eda para hoteles, viviendas y edificios.","publisher":{"@id":"https:\/\/zennio.creativia.es\/fr\/#organization"},"alternateName":"Zennio Global","potentialAction":[{"@type":"SearchAction","target":{"@type":"EntryPoint","urlTemplate":"https:\/\/zennio.creativia.es\/fr\/?s={search_term_string}"},"query-input":{"@type":"PropertyValueSpecification","valueRequired":true,"valueName":"search_term_string"}}],"inLanguage":"fr-FR"},{"@type":"Organization","@id":"https:\/\/zennio.creativia.es\/fr\/#organization","name":"Zennio","alternateName":"Zennio","url":"https:\/\/zennio.creativia.es\/fr\/","logo":{"@type":"ImageObject","inLanguage":"fr-FR","@id":"https:\/\/zennio.creativia.es\/fr\/#\/schema\/logo\/image\/","url":"https:\/\/zennio.creativia.es\/wp-content\/uploads\/2025\/01\/Logo_Zennio.png","contentUrl":"https:\/\/zennio.creativia.es\/wp-content\/uploads\/2025\/01\/Logo_Zennio.png","width":3392,"height":1540,"caption":"Zennio"},"image":{"@id":"https:\/\/zennio.creativia.es\/fr\/#\/schema\/logo\/image\/"},"sameAs":["https:\/\/www.facebook.com\/ZennioSpain\/?locale=es_ES"]}]}},"_links":{"self":[{"href":"https:\/\/zennio.creativia.es\/fr\/wp-json\/wp\/v2\/pages\/84059","targetHints":{"allow":["GET"]}}],"collection":[{"href":"https:\/\/zennio.creativia.es\/fr\/wp-json\/wp\/v2\/pages"}],"about":[{"href":"https:\/\/zennio.creativia.es\/fr\/wp-json\/wp\/v2\/types\/page"}],"author":[{"embeddable":true,"href":"https:\/\/zennio.creativia.es\/fr\/wp-json\/wp\/v2\/users\/1"}],"replies":[{"embeddable":true,"href":"https:\/\/zennio.creativia.es\/fr\/wp-json\/wp\/v2\/comments?post=84059"}],"version-history":[{"count":1,"href":"https:\/\/zennio.creativia.es\/fr\/wp-json\/wp\/v2\/pages\/84059\/revisions"}],"predecessor-version":[{"id":84062,"href":"https:\/\/zennio.creativia.es\/fr\/wp-json\/wp\/v2\/pages\/84059\/revisions\/84062"}],"wp:attachment":[{"href":"https:\/\/zennio.creativia.es\/fr\/wp-json\/wp\/v2\/media?parent=84059"}],"curies":[{"name":"wp","href":"https:\/\/api.w.org\/{rel}","templated":true}]}}