{"id":84050,"date":"2025-03-20T14:09:15","date_gmt":"2025-03-20T13:09:15","guid":{"rendered":"https:\/\/zennio.creativia.es\/es\/conversion-isn-csn\/"},"modified":"2026-04-12T13:47:38","modified_gmt":"2026-04-12T11:47:38","slug":"convertisseur-csn-isn","status":"publish","type":"page","link":"https:\/\/zennio.creativia.es\/fr\/convertisseur-csn-isn\/","title":{"rendered":"Conversion ISN-CSN"},"content":{"rendered":"\t\t<div data-elementor-type=\"wp-page\" data-elementor-id=\"84050\" class=\"elementor elementor-84050 elementor-59841\" data-elementor-post-type=\"page\">\n\t\t\t\t<div class=\"elementor-element elementor-element-d17bf85 e-flex e-con-boxed e-con e-parent\" data-id=\"d17bf85\" data-element_type=\"container\" data-e-type=\"container\" data-settings=\"{&quot;jet_parallax_layout_list&quot;:[]}\">\n\t\t\t\t\t<div class=\"e-con-inner\">\n\t\t\t\t<div class=\"elementor-element elementor-element-0045fb1 elementor-widget elementor-widget-heading\" data-id=\"0045fb1\" data-element_type=\"widget\" data-e-type=\"widget\" data-widget_type=\"heading.default\">\n\t\t\t\t<div class=\"elementor-widget-container\">\n\t\t\t\t\t<h2 class=\"elementor-heading-title elementor-size-default\">Conversion ISN-CSN<\/h2>\t\t\t\t<\/div>\n\t\t\t\t<\/div>\n\t\t\t\t<div class=\"elementor-element elementor-element-ef6c6d7 elementor-widget elementor-widget-shortcode\" data-id=\"ef6c6d7\" data-element_type=\"widget\" data-e-type=\"widget\" data-widget_type=\"shortcode.default\">\n\t\t\t\t<div class=\"elementor-widget-container\">\n\t\t\t\t\t\t\t<div class=\"elementor-shortcode\"><form class=\"form-search-downloads\" method=\"get\" data-action=\"https:\/\/zennio.creativia.es\/fr\/convertisseur-csn-isn\/\"><p class=\"help-text\">Vous pouvez rechercher une ou plusieurs r\u00e9f\u00e9rences s\u00e9par\u00e9es par des virgules.<\/p><div class=\"wrapper-input\"><input type=\"text\" id=\"input-search-download\" name=\"r\" value=\"\" placeholder=\"Saisir une ou plusieurs r\u00e9f\u00e9rences CSN ou ISN\" \/><span class=\"submit-search-icon\"><svg focusable=\"false\" aria-label=\"Search\" xmlns=\"http:\/\/www.w3.org\/2000\/svg\" viewBox=\"0 0 24 24\" width=\"24px\"><path d=\"M15.5 14h-.79l-.28-.27C15.41 12.59 16 11.11 16 9.5 16 5.91 13.09 3 9.5 3S3 5.91 3 9.5 5.91 16 9.5 16c1.61 0 3.09-.59 4.23-1.57l.27.28v.79l5 4.99L20.49 19l-4.99-5zm-6 0C7.01 14 5 11.99 5 9.5S7.01 5 9.5 5 14 7.01 14 9.5 11.99 14 9.5 14z\"><\/path><\/svg><\/span><\/div><\/form><style type=\"text\/css\">\n\t.table-downloads-repository {\n\t\tborder-collapse: collapse;\n\t\tborder: none !important;\n\t}\n\t.table-downloads-repository thead tr th {\n\t\tposition: -webkit-sticky;\n\t\tposition: sticky;\n\t\ttop: 0;\n\t\tbackground: rgba(62,62,62,.8);\n\t\tborder: solid 1px #ababab !important;\n\t\tfont-weight: 700 !important;\n\t\ttext-align: left;\n\t\tz-index: 2;\n\t\tcolor: #fafafa;\n\t}\n\t.table-downloads-repository tbody tr td {\n\t\tbackground: none;\n\t\tborder: solid 1px #ababab !important;\n\t\ttext-align: left;\n\t\tcolor: #fafafa;\n\t}\n\t.table-downloads-repository .download-link {\n\t\tfont-size: 14px;\n\t\tfont-weight: 600;\n\t\tletter-spacing: 1px;\n\t\ttext-transform: uppercase;\n\t\tcolor: var(--e-global-color-secondary);\n\t}\n\t.form-search-downloads {\n\t\tposition: relative;\n    \tmargin: 0 0 50px;\n\t}\n\t.form-search-downloads #input-search-download {\n\t\twidth: 100%;\n\t\tdisplay: inline-block;\n\t\tpadding: .5rem 1rem;\n\t\tfont-size: 16px;\n\t\tbackground: rgba(62,62,62,.8);\n\t\tborder: solid 1px #ababab;\n\t\tborder-radius: 3px;\n\t\tbox-shadow: none;\n\t\toutline: none;\n\t\tcolor: #fafafa;\n\t}\n\t.form-search-downloads .submit-search-icon {\n\t\tdisplay: flex;\n\t\twidth: 40px;\n\t\theight: 40px;\n\t\ttext-align: center;\n\t\talign-items: center;\n\t\tjustify-content: center;\n\t\tposition: absolute;\n\t\ttop: 50%;\n\t\tright: 10px;\n\t\ttransform: translateY(-50%);\n\t\t-webkit-transform: translateY(-50%);\n\t\tz-index: 999;\n\t}\n\t.form-search-downloads .submit-search-icon:hover {\n\t\tcursor: pointer;\n\t}\n\t.form-search-downloads .submit-search-icon svg {\n\t\tfill: #fafafa;\n\t}\n\t.form-search-downloads .remove-search {\n\t\tposition: absolute;\n\t\tdisplay: block;\n\t\ttext-decoration: underline;\n\t\tfont-size: 16px;\n\t\tfont-weight: 700;\n\t}\n\t.form-search-downloads label {\n\t\tfont-size: 26px;\n\t\tfont-weight: 500;\n    \ttext-transform: uppercase;\n    \tline-height: 30px;\n\t\tcolor: #fafafa;\n\t}\n\t.form-search-downloads .help-text {\n\t\tfont-size: 15px;\n\t\tcolor: #fafafa;\n\t}\n\t.form-search-downloads .wrapper-input {\n\t\tposition: relative;\n\t}\n\t@media only screen and (max-width: 768px) {\n\t\t.form-search-downloads #input-search-download {\n\t\t\tpadding-right: 50px !important;\n\t\t}\n\t\t.help-text {\n\t\t\ttext-align: center;\n\t\t}\n\t\t.table-downloads-repository {\n\t\t\twidth: 100% !important;\n    \t\toverflow-x: scroll;\n\t\t}\n\t\t.table-downloads-repository thead tr th {\n\t\t\tdisplay: none !important;\n\t\t}\n\t\t.table-downloads-repository tbody tr {\n\t\t\tborder-bottom: solid 1px #ababab;\n\t\t}\n\t\t.table-downloads-repository tbody tr td {\n\t\t\tdisplay: block !important;\n\t\t\tpadding: 0 20px;\n\t\t\tborder: none !important;\n\t\t\ttext-align: left !important;\n\t\t}\n\t\t.table-downloads-repository tbody tr td:last-child {\n\t\t\tpadding-bottom: 10px;\n\t\t}\n\t\t.table-downloads-repository tbody tr td:first-child {\n\t\t\tpadding-top: 10px;\n\t\t}\n\t\t.table-downloads-repository tbody tr td:before {\n\t\t\tcontent: attr(data-th) \": \";\n\t\t\tdisplay: inline;\n\t\t\tfont-weight: 700;\n\t\t\tcolor: #fafafa;\n\t\t}\n\t}<\/style><script type=\"text\/javascript\">\n\t(function(){\n\t\tjQuery('.submit-search-icon').click(function(e){\n\t\t\te.preventDefault();\n\t\t\t\n\t\t\tvar searchInput     = jQuery( '#input-search-download' );\n\t\t\tvar searchDownloads = searchInput.val();\n\t\t\t\n\t\t\tif( searchDownloads.length ) {\n\t\t\t\tvar formSearchDownloads = searchInput.parents('.form-search-downloads');\n\t\t\t\tvar redirect_to  \t\t= formSearchDownloads.attr('data-action');\n\t\t\t\t\tredirect_to \t   += '?r='+searchDownloads;\n\t\t\t\t\t\n\t\t\t\tif( redirect_to.length ) window.location.href = redirect_to;\n\t\t\t} else {\n\t\t\t\tsearchInput.focus();\n\t\t\t}\n\t\t});\n\t}(jQuery));\n\t<\/script><\/div>\n\t\t\t\t\t\t<\/div>\n\t\t\t\t<\/div>\n\t\t\t\t\t<\/div>\n\t\t\t\t<\/div>\n\t\t\t\t<\/div>\n\t\t","protected":false},"excerpt":{"rendered":"<p>Conversion ISN-CSN<\/p>\n","protected":false},"author":1,"featured_media":0,"parent":0,"menu_order":0,"comment_status":"closed","ping_status":"closed","template":"elementor_header_footer","meta":{"footnotes":""},"class_list":["post-84050","page","type-page","status-publish","hentry"],"yoast_head":"<!-- This site is optimized with the Yoast SEO plugin v27.4 - https:\/\/yoast.com\/product\/yoast-seo-wordpress\/ -->\n<title>Conversion ISN-CSN - Zennio<\/title>\n<meta name=\"description\" content=\"Conversion ISN-CSN\" \/>\n<meta name=\"robots\" content=\"noindex, follow, max-snippet:-1, max-image-preview:large, max-video-preview:-1\" \/>\n<meta property=\"og:locale\" content=\"fr_FR\" \/>\n<meta property=\"og:type\" content=\"article\" \/>\n<meta property=\"og:title\" content=\"Conversion ISN-CSN - Zennio\" \/>\n<meta property=\"og:description\" content=\"Conversion ISN-CSN\" \/>\n<meta property=\"og:url\" content=\"https:\/\/zennio.creativia.es\/fr\/convertisseur-csn-isn\/\" \/>\n<meta property=\"og:site_name\" content=\"Zennio\" \/>\n<meta property=\"article:publisher\" content=\"https:\/\/www.facebook.com\/ZennioSpain\/?locale=es_ES\" \/>\n<meta property=\"article:modified_time\" content=\"2026-04-12T11:47:38+00:00\" \/>\n<meta property=\"og:image\" content=\"https:\/\/zennio.creativia.es\/wp-content\/uploads\/2025\/01\/oficina-tecnica-y-soporte.png\" \/>\n\t<meta property=\"og:image:width\" content=\"900\" \/>\n\t<meta property=\"og:image:height\" content=\"480\" \/>\n\t<meta property=\"og:image:type\" content=\"image\/png\" \/>\n<meta name=\"twitter:card\" content=\"summary_large_image\" \/>\n<script type=\"application\/ld+json\" class=\"yoast-schema-graph\">{\"@context\":\"https:\\\/\\\/schema.org\",\"@graph\":[{\"@type\":\"WebPage\",\"@id\":\"https:\\\/\\\/zennio.creativia.es\\\/fr\\\/convertisseur-csn-isn\\\/\",\"url\":\"https:\\\/\\\/zennio.creativia.es\\\/fr\\\/convertisseur-csn-isn\\\/\",\"name\":\"Conversion ISN-CSN - Zennio\",\"isPartOf\":{\"@id\":\"https:\\\/\\\/zennio.creativia.es\\\/fr\\\/#website\"},\"datePublished\":\"2025-03-20T13:09:15+00:00\",\"dateModified\":\"2026-04-12T11:47:38+00:00\",\"description\":\"Conversion ISN-CSN\",\"breadcrumb\":{\"@id\":\"https:\\\/\\\/zennio.creativia.es\\\/fr\\\/convertisseur-csn-isn\\\/#breadcrumb\"},\"inLanguage\":\"fr-FR\",\"potentialAction\":[{\"@type\":\"ReadAction\",\"target\":[\"https:\\\/\\\/zennio.creativia.es\\\/fr\\\/convertisseur-csn-isn\\\/\"]}]},{\"@type\":\"BreadcrumbList\",\"@id\":\"https:\\\/\\\/zennio.creativia.es\\\/fr\\\/convertisseur-csn-isn\\\/#breadcrumb\",\"itemListElement\":[{\"@type\":\"ListItem\",\"position\":1,\"name\":\"Portada\",\"item\":\"https:\\\/\\\/zennio.creativia.es\\\/fr\\\/\"},{\"@type\":\"ListItem\",\"position\":2,\"name\":\"Conversion ISN-CSN\"}]},{\"@type\":\"WebSite\",\"@id\":\"https:\\\/\\\/zennio.creativia.es\\\/fr\\\/#website\",\"url\":\"https:\\\/\\\/zennio.creativia.es\\\/fr\\\/\",\"name\":\"Zennio\",\"description\":\"Soluciones de tecnolog\u00eda para hoteles, viviendas y edificios.\",\"publisher\":{\"@id\":\"https:\\\/\\\/zennio.creativia.es\\\/fr\\\/#organization\"},\"alternateName\":\"Zennio Global\",\"potentialAction\":[{\"@type\":\"SearchAction\",\"target\":{\"@type\":\"EntryPoint\",\"urlTemplate\":\"https:\\\/\\\/zennio.creativia.es\\\/fr\\\/?s={search_term_string}\"},\"query-input\":{\"@type\":\"PropertyValueSpecification\",\"valueRequired\":true,\"valueName\":\"search_term_string\"}}],\"inLanguage\":\"fr-FR\"},{\"@type\":\"Organization\",\"@id\":\"https:\\\/\\\/zennio.creativia.es\\\/fr\\\/#organization\",\"name\":\"Zennio\",\"alternateName\":\"Zennio\",\"url\":\"https:\\\/\\\/zennio.creativia.es\\\/fr\\\/\",\"logo\":{\"@type\":\"ImageObject\",\"inLanguage\":\"fr-FR\",\"@id\":\"https:\\\/\\\/zennio.creativia.es\\\/fr\\\/#\\\/schema\\\/logo\\\/image\\\/\",\"url\":\"https:\\\/\\\/zennio.creativia.es\\\/wp-content\\\/uploads\\\/2025\\\/01\\\/Logo_Zennio.png\",\"contentUrl\":\"https:\\\/\\\/zennio.creativia.es\\\/wp-content\\\/uploads\\\/2025\\\/01\\\/Logo_Zennio.png\",\"width\":3392,\"height\":1540,\"caption\":\"Zennio\"},\"image\":{\"@id\":\"https:\\\/\\\/zennio.creativia.es\\\/fr\\\/#\\\/schema\\\/logo\\\/image\\\/\"},\"sameAs\":[\"https:\\\/\\\/www.facebook.com\\\/ZennioSpain\\\/?locale=es_ES\"]}]}<\/script>\n<!-- \/ Yoast SEO plugin. -->","yoast_head_json":{"title":"Conversion ISN-CSN - Zennio","description":"Conversion ISN-CSN","robots":{"index":"noindex","follow":"follow","max-snippet":"max-snippet:-1","max-image-preview":"max-image-preview:large","max-video-preview":"max-video-preview:-1"},"og_locale":"fr_FR","og_type":"article","og_title":"Conversion ISN-CSN - Zennio","og_description":"Conversion ISN-CSN","og_url":"https:\/\/zennio.creativia.es\/fr\/convertisseur-csn-isn\/","og_site_name":"Zennio","article_publisher":"https:\/\/www.facebook.com\/ZennioSpain\/?locale=es_ES","article_modified_time":"2026-04-12T11:47:38+00:00","og_image":[{"width":900,"height":480,"url":"https:\/\/zennio.creativia.es\/wp-content\/uploads\/2025\/01\/oficina-tecnica-y-soporte.png","type":"image\/png"}],"twitter_card":"summary_large_image","schema":{"@context":"https:\/\/schema.org","@graph":[{"@type":"WebPage","@id":"https:\/\/zennio.creativia.es\/fr\/convertisseur-csn-isn\/","url":"https:\/\/zennio.creativia.es\/fr\/convertisseur-csn-isn\/","name":"Conversion ISN-CSN - Zennio","isPartOf":{"@id":"https:\/\/zennio.creativia.es\/fr\/#website"},"datePublished":"2025-03-20T13:09:15+00:00","dateModified":"2026-04-12T11:47:38+00:00","description":"Conversion ISN-CSN","breadcrumb":{"@id":"https:\/\/zennio.creativia.es\/fr\/convertisseur-csn-isn\/#breadcrumb"},"inLanguage":"fr-FR","potentialAction":[{"@type":"ReadAction","target":["https:\/\/zennio.creativia.es\/fr\/convertisseur-csn-isn\/"]}]},{"@type":"BreadcrumbList","@id":"https:\/\/zennio.creativia.es\/fr\/convertisseur-csn-isn\/#breadcrumb","itemListElement":[{"@type":"ListItem","position":1,"name":"Portada","item":"https:\/\/zennio.creativia.es\/fr\/"},{"@type":"ListItem","position":2,"name":"Conversion ISN-CSN"}]},{"@type":"WebSite","@id":"https:\/\/zennio.creativia.es\/fr\/#website","url":"https:\/\/zennio.creativia.es\/fr\/","name":"Zennio","description":"Soluciones de tecnolog\u00eda para hoteles, viviendas y edificios.","publisher":{"@id":"https:\/\/zennio.creativia.es\/fr\/#organization"},"alternateName":"Zennio Global","potentialAction":[{"@type":"SearchAction","target":{"@type":"EntryPoint","urlTemplate":"https:\/\/zennio.creativia.es\/fr\/?s={search_term_string}"},"query-input":{"@type":"PropertyValueSpecification","valueRequired":true,"valueName":"search_term_string"}}],"inLanguage":"fr-FR"},{"@type":"Organization","@id":"https:\/\/zennio.creativia.es\/fr\/#organization","name":"Zennio","alternateName":"Zennio","url":"https:\/\/zennio.creativia.es\/fr\/","logo":{"@type":"ImageObject","inLanguage":"fr-FR","@id":"https:\/\/zennio.creativia.es\/fr\/#\/schema\/logo\/image\/","url":"https:\/\/zennio.creativia.es\/wp-content\/uploads\/2025\/01\/Logo_Zennio.png","contentUrl":"https:\/\/zennio.creativia.es\/wp-content\/uploads\/2025\/01\/Logo_Zennio.png","width":3392,"height":1540,"caption":"Zennio"},"image":{"@id":"https:\/\/zennio.creativia.es\/fr\/#\/schema\/logo\/image\/"},"sameAs":["https:\/\/www.facebook.com\/ZennioSpain\/?locale=es_ES"]}]}},"_links":{"self":[{"href":"https:\/\/zennio.creativia.es\/fr\/wp-json\/wp\/v2\/pages\/84050","targetHints":{"allow":["GET"]}}],"collection":[{"href":"https:\/\/zennio.creativia.es\/fr\/wp-json\/wp\/v2\/pages"}],"about":[{"href":"https:\/\/zennio.creativia.es\/fr\/wp-json\/wp\/v2\/types\/page"}],"author":[{"embeddable":true,"href":"https:\/\/zennio.creativia.es\/fr\/wp-json\/wp\/v2\/users\/1"}],"replies":[{"embeddable":true,"href":"https:\/\/zennio.creativia.es\/fr\/wp-json\/wp\/v2\/comments?post=84050"}],"version-history":[{"count":1,"href":"https:\/\/zennio.creativia.es\/fr\/wp-json\/wp\/v2\/pages\/84050\/revisions"}],"predecessor-version":[{"id":84051,"href":"https:\/\/zennio.creativia.es\/fr\/wp-json\/wp\/v2\/pages\/84050\/revisions\/84051"}],"wp:attachment":[{"href":"https:\/\/zennio.creativia.es\/fr\/wp-json\/wp\/v2\/media?parent=84050"}],"curies":[{"name":"wp","href":"https:\/\/api.w.org\/{rel}","templated":true}]}}