{"id":33,"date":"2025-01-26T13:58:52","date_gmt":"2025-01-26T12:58:52","guid":{"rendered":"https:\/\/zennio.creativia.es\/es\/es\/?page_id=33"},"modified":"2026-03-08T23:52:26","modified_gmt":"2026-03-08T22:52:26","slug":"aviso-legal","status":"publish","type":"page","link":"https:\/\/zennio.creativia.es\/es\/aviso-legal\/","title":{"rendered":"Aviso Legal"},"content":{"rendered":"\t\t<div data-elementor-type=\"wp-page\" data-elementor-id=\"33\" class=\"elementor elementor-33\" data-elementor-post-type=\"page\">\n\t\t\t\t<div class=\"elementor-element elementor-element-8f0a40c e-flex e-con-boxed e-con e-parent\" data-id=\"8f0a40c\" data-element_type=\"container\" data-e-type=\"container\" data-settings=\"{&quot;jet_parallax_layout_list&quot;:[]}\">\n\t\t\t\t\t<div class=\"e-con-inner\">\n\t\t\t\t<div class=\"elementor-element elementor-element-de1c4f7 elementor-widget elementor-widget-heading\" data-id=\"de1c4f7\" data-element_type=\"widget\" data-e-type=\"widget\" data-widget_type=\"heading.default\">\n\t\t\t\t<div class=\"elementor-widget-container\">\n\t\t\t\t\t<h1 class=\"elementor-heading-title elementor-size-default\">Aviso Legal<\/h1>\t\t\t\t<\/div>\n\t\t\t\t<\/div>\n\t\t\t\t<div class=\"elementor-element elementor-element-3e2cf79 elementor-widget elementor-widget-text-editor\" data-id=\"3e2cf79\" data-element_type=\"widget\" data-e-type=\"widget\" data-widget_type=\"text-editor.default\">\n\t\t\t\t<div class=\"elementor-widget-container\">\n\t\t\t\t\t\t\t\t\t<h5 id=\"website-property\"><strong>Titular de la Web<\/strong><\/h5><p>El dominio de Internet\u00a0<a href=\"http:\/\/www.zennio.com\/\" target=\"_blank\" rel=\"nofollow noopener noreferrer\">www.zennio.com<\/a>\u00a0es titularidad de Zennio Avance y Tecnolog\u00eda S.L. cuyos datos son:<\/p><ul><li><strong>CIF<\/strong>: B45586724<\/li><li><strong>Datos del Registro Mercantil<\/strong>: Registro Mercantil de Toledo, Tomo 1293, Hoja TO-22822, Libro 0, Inscripci\u00f3n 1\u00aa, Folio 150.<\/li><li><strong>E-mail<\/strong>:\u00a0<a href=\"mailto:soluciones@zennio.com\">soluciones@zennio.com<\/a><\/li><li><strong>Domicilio a efectos de notificaciones<\/strong>: C\/ Jarama 132, Nave P8.11, 45007-Toledo \u2013 Espa\u00f1a.<\/li><\/ul><h2>\u00a0<\/h2><h5 id=\"use-of-the-website\"><strong>Uso de la Web<\/strong><\/h5><p>El acceso y uso de la Web atribuye la condici\u00f3n de Usuario del portal, e implica la aceptaci\u00f3n plena y sin reservas de todas y cada una de las condiciones incluidas en el presente Aviso Legal.<\/p><p>El Usuario se obliga a hacer un uso correcto del Portal de conformidad con la Ley 34\/2002, de 11 de Julio, LSSICE y el presente Aviso Legal.<\/p><p>As\u00ed mismo responder\u00e1 frente a Zennio Avance y Tecnolog\u00eda S.L. o frente a terceros, de cualesquiera da\u00f1os y perjuicios que pudieran causarse como consecuencia del incumplimiento de dicha obligaci\u00f3n.<\/p><p>Queda expresamente prohibido el uso del Portal con fines lesivos de bienes o intereses de Zennio Avance y Tecnolog\u00eda S.L. o de terceros o que de cualquier otra forma sobrecarguen, da\u00f1en o inutilicen las redes, servidores y dem\u00e1s equipos inform\u00e1ticos (hardware) o productos y aplicaciones inform\u00e1ticas (software) de Zennio Avance y Tecnolog\u00eda S.L. o de terceros.<\/p><h2>\u00a0<\/h2><h5 id=\"web-contents-and-links\"><strong>Contenido de la Web y enlaces<\/strong><\/h5><p>Los contenidos de esta Web tienen como finalidad informar y dar a conocer los productos y servicios que ofrece Zennio Avance y Tecnolog\u00eda S.L., as\u00ed como el entorno de trabajo con otros profesionales del sector con la finalidad de dar la mayor cobertura posible a los usuarios de este espacio web y conseguir el objetivo de la misma \u201cproporcionar soluciones tecnol\u00f3gicas avanzadas de dom\u00f3tica\u201d. As\u00ed mismo, se establecen varias \u00e1reas de inter\u00e9s, donde el usuario podr\u00e1 tener acceso incluso a poder dise\u00f1ar su propio producto y a poder solicitar soporte t\u00e9cnico sobre productos de Zennio Avance y Tecnolog\u00eda S.L.<\/p><p>El titular no se hace responsable del mal uso que se realice de los contenidos la Web, siendo exclusiva responsabilidad del Usuario que accede a ellos o los utiliza.<\/p><p>Queda prohibido el uso de contenidos de la web para promocionar, contratar o divulgar publicidad o informaci\u00f3n propia o de terceras personas sin la autorizaci\u00f3n de Zennio Avance y Tecnolog\u00eda S.L., ni remitir publicidad o informaci\u00f3n vali\u00e9ndose para ello de los servicios o informaci\u00f3n que se ponen a disposici\u00f3n de los usuarios, independientemente de si la utilizaci\u00f3n es gratuita o no.<\/p><h2>\u00a0<\/h2><h5 id=\"intellectual-property-of-the-website\"><strong>Propiedad intelectual de la web<\/strong><\/h5><p>Todos los derechos de propiedad intelectual del contenido de esta p\u00e1gina Web, su dise\u00f1o gr\u00e1fico y sus c\u00f3digos fuente, son titularidad exclusiva de Zennio Avance y Tecnolog\u00eda S.L., correspondi\u00e9ndole el ejercicio exclusivo de los derechos de explotaci\u00f3n de los mismos, sin que pueda entenderse que el acceso al Portal atribuya ning\u00fan derecho sobre \u00e9stos.<\/p><p>Queda prohibida su reproducci\u00f3n, distribuci\u00f3n, comunicaci\u00f3n p\u00fablica y transformaci\u00f3n, total o parcial, sin la autorizaci\u00f3n expresa de Zennio Avance y Tecnolog\u00eda S.L.<\/p><p>Igualmente, todos los nombres comerciales, marcas o signos distintos de cualquier clase contenidos en este web site est\u00e1n protegidos por ley.<\/p><h2>\u00a0<\/h2><h5 id=\"special-conditions\"><strong>Condiciones Particulares<\/strong><\/h5><p>La utilizaci\u00f3n de determinados Servicios y Contenidos ofrecidos por Zennio Avance y Tecnolog\u00eda S.L. a trav\u00e9s de la Web puede regirse por Condiciones Particulares Propias las cuales pueden completar y\/o modificar el presente Aviso Legal. Por lo tanto, con anterioridad a la utilizaci\u00f3n de dichos servicios, el Usuario tambi\u00e9n ha de leer atentamente las correspondientes Condiciones Particulares de los mismos.<\/p><h2>\u00a0<\/h2><h5 id=\"updates-and-modifications-to-the-website\"><strong>Actualizaci\u00f3n y modificaci\u00f3n de la p\u00e1gina web<\/strong><\/h5><p>Zennio Avance y Tecnolog\u00eda S.L. se reserva el derecho a actualizar, modificar o eliminar la informaci\u00f3n contenida en su web site, y la configuraci\u00f3n o presentaci\u00f3n del mismo, en cualquier momento, sin previo aviso, y sin asumir responsabilidad alguna por ello.<\/p><h2>\u00a0<\/h2><h5 id=\"information-on-technical-aspects\"><strong>Indicaciones sobre aspectos t\u00e9cnicos<\/strong><\/h5><p>Zennio Avance y Tecnolog\u00eda S.L. no asume ninguna responsabilidad que se pueda derivar de problemas t\u00e9cnicos o fallos en los equipos inform\u00e1ticos que se produzcan durante la conexi\u00f3n a la red de Internet, as\u00ed como de da\u00f1os que pudieran ser causados por terceras personas mediante intromisiones ileg\u00edtimas fuera del control del Zennio Avance y Tecnolog\u00eda S.L. Tambi\u00e9n se exonera de toda responsabilidad ante posibles da\u00f1os o perjuicios que pueda sufrir el usuario a consecuencia de errores, defectos u omisiones en la informaci\u00f3n que facilitemos cuando proceda de fuentes ajenas.<\/p>\t\t\t\t\t\t\t\t<\/div>\n\t\t\t\t<\/div>\n\t\t\t\t\t<\/div>\n\t\t\t\t<\/div>\n\t\t\t\t<\/div>\n\t\t","protected":false},"excerpt":{"rendered":"<p>Aviso Legal Titular de la Web El dominio de Internet\u00a0www.zennio.com\u00a0es titularidad de Zennio Avance y Tecnolog\u00eda S.L. cuyos datos son: CIF: B45586724 Datos del Registro Mercantil: Registro Mercantil de Toledo, Tomo 1293, Hoja TO-22822, Libro 0, Inscripci\u00f3n 1\u00aa, Folio 150. E-mail:\u00a0soluciones@zennio.com Domicilio a efectos de notificaciones: C\/ Jarama 132, Nave P8.11, 45007-Toledo \u2013 Espa\u00f1a. \u00a0 [&hellip;]<\/p>\n","protected":false},"author":1,"featured_media":0,"parent":0,"menu_order":0,"comment_status":"closed","ping_status":"closed","template":"elementor_header_footer","meta":{"footnotes":""},"class_list":["post-33","page","type-page","status-publish","hentry"],"yoast_head":"<!-- This site is optimized with the Yoast SEO plugin v27.4 - https:\/\/yoast.com\/product\/yoast-seo-wordpress\/ -->\n<title>Aviso Legal - Zennio<\/title>\n<meta name=\"description\" content=\"Aviso Legal Titular de la WebEl dominio de Internet\u00a0www.zennio.com\u00a0es titularidad de Zennio Avance y Tecnolog\u00eda S.L. cuyos datos son:CIF: B45586724Datos\" \/>\n<meta name=\"robots\" content=\"noindex, follow, max-snippet:-1, max-image-preview:large, max-video-preview:-1\" \/>\n<meta property=\"og:locale\" content=\"es_ES\" \/>\n<meta property=\"og:type\" content=\"article\" \/>\n<meta property=\"og:title\" content=\"Aviso Legal - Zennio\" \/>\n<meta property=\"og:description\" content=\"Aviso Legal Titular de la WebEl dominio de Internet\u00a0www.zennio.com\u00a0es titularidad de Zennio Avance y Tecnolog\u00eda S.L. cuyos datos son:CIF: B45586724Datos\" \/>\n<meta property=\"og:url\" content=\"https:\/\/zennio.creativia.es\/es\/aviso-legal\/\" \/>\n<meta property=\"og:site_name\" content=\"Zennio\" \/>\n<meta property=\"article:publisher\" content=\"https:\/\/www.facebook.com\/ZennioSpain\/?locale=es_ES\" \/>\n<meta property=\"article:modified_time\" content=\"2026-03-08T22:52:26+00:00\" \/>\n<meta property=\"og:image\" content=\"https:\/\/zennio.creativia.es\/wp-content\/uploads\/2025\/01\/oficina-tecnica-y-soporte.png\" \/>\n\t<meta property=\"og:image:width\" content=\"900\" \/>\n\t<meta property=\"og:image:height\" content=\"480\" \/>\n\t<meta property=\"og:image:type\" content=\"image\/png\" \/>\n<meta name=\"twitter:card\" content=\"summary_large_image\" \/>\n<script type=\"application\/ld+json\" class=\"yoast-schema-graph\">{\"@context\":\"https:\\\/\\\/schema.org\",\"@graph\":[{\"@type\":\"WebPage\",\"@id\":\"https:\\\/\\\/zennio.creativia.es\\\/es\\\/aviso-legal\\\/\",\"url\":\"https:\\\/\\\/zennio.creativia.es\\\/es\\\/aviso-legal\\\/\",\"name\":\"Aviso Legal - Zennio\",\"isPartOf\":{\"@id\":\"https:\\\/\\\/zennio.creativia.es\\\/es\\\/#website\"},\"datePublished\":\"2025-01-26T12:58:52+00:00\",\"dateModified\":\"2026-03-08T22:52:26+00:00\",\"description\":\"Aviso Legal Titular de la WebEl dominio de Internet\u00a0www.zennio.com\u00a0es titularidad de Zennio Avance y Tecnolog\u00eda S.L. cuyos datos son:CIF: B45586724Datos\",\"breadcrumb\":{\"@id\":\"https:\\\/\\\/zennio.creativia.es\\\/es\\\/aviso-legal\\\/#breadcrumb\"},\"inLanguage\":\"es\",\"potentialAction\":[{\"@type\":\"ReadAction\",\"target\":[\"https:\\\/\\\/zennio.creativia.es\\\/es\\\/aviso-legal\\\/\"]}]},{\"@type\":\"BreadcrumbList\",\"@id\":\"https:\\\/\\\/zennio.creativia.es\\\/es\\\/aviso-legal\\\/#breadcrumb\",\"itemListElement\":[{\"@type\":\"ListItem\",\"position\":1,\"name\":\"Portada\",\"item\":\"https:\\\/\\\/zennio.creativia.es\\\/es\\\/\"},{\"@type\":\"ListItem\",\"position\":2,\"name\":\"Aviso Legal\"}]},{\"@type\":\"WebSite\",\"@id\":\"https:\\\/\\\/zennio.creativia.es\\\/es\\\/#website\",\"url\":\"https:\\\/\\\/zennio.creativia.es\\\/es\\\/\",\"name\":\"Zennio\",\"description\":\"Soluciones de tecnolog\u00eda para hoteles, viviendas y edificios.\",\"publisher\":{\"@id\":\"https:\\\/\\\/zennio.creativia.es\\\/es\\\/#organization\"},\"alternateName\":\"Zennio Global\",\"potentialAction\":[{\"@type\":\"SearchAction\",\"target\":{\"@type\":\"EntryPoint\",\"urlTemplate\":\"https:\\\/\\\/zennio.creativia.es\\\/es\\\/?s={search_term_string}\"},\"query-input\":{\"@type\":\"PropertyValueSpecification\",\"valueRequired\":true,\"valueName\":\"search_term_string\"}}],\"inLanguage\":\"es\"},{\"@type\":\"Organization\",\"@id\":\"https:\\\/\\\/zennio.creativia.es\\\/es\\\/#organization\",\"name\":\"Zennio\",\"alternateName\":\"Zennio\",\"url\":\"https:\\\/\\\/zennio.creativia.es\\\/es\\\/\",\"logo\":{\"@type\":\"ImageObject\",\"inLanguage\":\"es\",\"@id\":\"https:\\\/\\\/zennio.creativia.es\\\/es\\\/#\\\/schema\\\/logo\\\/image\\\/\",\"url\":\"https:\\\/\\\/zennio.creativia.es\\\/wp-content\\\/uploads\\\/2025\\\/01\\\/Logo_Zennio.png\",\"contentUrl\":\"https:\\\/\\\/zennio.creativia.es\\\/wp-content\\\/uploads\\\/2025\\\/01\\\/Logo_Zennio.png\",\"width\":3392,\"height\":1540,\"caption\":\"Zennio\"},\"image\":{\"@id\":\"https:\\\/\\\/zennio.creativia.es\\\/es\\\/#\\\/schema\\\/logo\\\/image\\\/\"},\"sameAs\":[\"https:\\\/\\\/www.facebook.com\\\/ZennioSpain\\\/?locale=es_ES\"]}]}<\/script>\n<!-- \/ Yoast SEO plugin. -->","yoast_head_json":{"title":"Aviso Legal - Zennio","description":"Aviso Legal Titular de la WebEl dominio de Internet\u00a0www.zennio.com\u00a0es titularidad de Zennio Avance y Tecnolog\u00eda S.L. cuyos datos son:CIF: B45586724Datos","robots":{"index":"noindex","follow":"follow","max-snippet":"max-snippet:-1","max-image-preview":"max-image-preview:large","max-video-preview":"max-video-preview:-1"},"og_locale":"es_ES","og_type":"article","og_title":"Aviso Legal - Zennio","og_description":"Aviso Legal Titular de la WebEl dominio de Internet\u00a0www.zennio.com\u00a0es titularidad de Zennio Avance y Tecnolog\u00eda S.L. cuyos datos son:CIF: B45586724Datos","og_url":"https:\/\/zennio.creativia.es\/es\/aviso-legal\/","og_site_name":"Zennio","article_publisher":"https:\/\/www.facebook.com\/ZennioSpain\/?locale=es_ES","article_modified_time":"2026-03-08T22:52:26+00:00","og_image":[{"width":900,"height":480,"url":"https:\/\/zennio.creativia.es\/wp-content\/uploads\/2025\/01\/oficina-tecnica-y-soporte.png","type":"image\/png"}],"twitter_card":"summary_large_image","schema":{"@context":"https:\/\/schema.org","@graph":[{"@type":"WebPage","@id":"https:\/\/zennio.creativia.es\/es\/aviso-legal\/","url":"https:\/\/zennio.creativia.es\/es\/aviso-legal\/","name":"Aviso Legal - Zennio","isPartOf":{"@id":"https:\/\/zennio.creativia.es\/es\/#website"},"datePublished":"2025-01-26T12:58:52+00:00","dateModified":"2026-03-08T22:52:26+00:00","description":"Aviso Legal Titular de la WebEl dominio de Internet\u00a0www.zennio.com\u00a0es titularidad de Zennio Avance y Tecnolog\u00eda S.L. cuyos datos son:CIF: B45586724Datos","breadcrumb":{"@id":"https:\/\/zennio.creativia.es\/es\/aviso-legal\/#breadcrumb"},"inLanguage":"es","potentialAction":[{"@type":"ReadAction","target":["https:\/\/zennio.creativia.es\/es\/aviso-legal\/"]}]},{"@type":"BreadcrumbList","@id":"https:\/\/zennio.creativia.es\/es\/aviso-legal\/#breadcrumb","itemListElement":[{"@type":"ListItem","position":1,"name":"Portada","item":"https:\/\/zennio.creativia.es\/es\/"},{"@type":"ListItem","position":2,"name":"Aviso Legal"}]},{"@type":"WebSite","@id":"https:\/\/zennio.creativia.es\/es\/#website","url":"https:\/\/zennio.creativia.es\/es\/","name":"Zennio","description":"Soluciones de tecnolog\u00eda para hoteles, viviendas y edificios.","publisher":{"@id":"https:\/\/zennio.creativia.es\/es\/#organization"},"alternateName":"Zennio Global","potentialAction":[{"@type":"SearchAction","target":{"@type":"EntryPoint","urlTemplate":"https:\/\/zennio.creativia.es\/es\/?s={search_term_string}"},"query-input":{"@type":"PropertyValueSpecification","valueRequired":true,"valueName":"search_term_string"}}],"inLanguage":"es"},{"@type":"Organization","@id":"https:\/\/zennio.creativia.es\/es\/#organization","name":"Zennio","alternateName":"Zennio","url":"https:\/\/zennio.creativia.es\/es\/","logo":{"@type":"ImageObject","inLanguage":"es","@id":"https:\/\/zennio.creativia.es\/es\/#\/schema\/logo\/image\/","url":"https:\/\/zennio.creativia.es\/wp-content\/uploads\/2025\/01\/Logo_Zennio.png","contentUrl":"https:\/\/zennio.creativia.es\/wp-content\/uploads\/2025\/01\/Logo_Zennio.png","width":3392,"height":1540,"caption":"Zennio"},"image":{"@id":"https:\/\/zennio.creativia.es\/es\/#\/schema\/logo\/image\/"},"sameAs":["https:\/\/www.facebook.com\/ZennioSpain\/?locale=es_ES"]}]}},"_links":{"self":[{"href":"https:\/\/zennio.creativia.es\/es\/wp-json\/wp\/v2\/pages\/33","targetHints":{"allow":["GET"]}}],"collection":[{"href":"https:\/\/zennio.creativia.es\/es\/wp-json\/wp\/v2\/pages"}],"about":[{"href":"https:\/\/zennio.creativia.es\/es\/wp-json\/wp\/v2\/types\/page"}],"author":[{"embeddable":true,"href":"https:\/\/zennio.creativia.es\/es\/wp-json\/wp\/v2\/users\/1"}],"replies":[{"embeddable":true,"href":"https:\/\/zennio.creativia.es\/es\/wp-json\/wp\/v2\/comments?post=33"}],"version-history":[{"count":0,"href":"https:\/\/zennio.creativia.es\/es\/wp-json\/wp\/v2\/pages\/33\/revisions"}],"wp:attachment":[{"href":"https:\/\/zennio.creativia.es\/es\/wp-json\/wp\/v2\/media?parent=33"}],"curies":[{"name":"wp","href":"https:\/\/api.w.org\/{rel}","templated":true}]}}