{"id":84081,"date":"2026-03-27T07:35:00","date_gmt":"2026-03-27T06:35:00","guid":{"rendered":"https:\/\/zennio.creativia.es\/es\/verfuegbare-farben\/"},"modified":"2026-04-12T17:10:20","modified_gmt":"2026-04-12T15:10:20","slug":"finishes","status":"publish","type":"page","link":"https:\/\/zennio.creativia.es\/de\/finishes\/","title":{"rendered":"Verf\u00fcgbare Farben"},"content":{"rendered":"\t\t<div data-elementor-type=\"wp-page\" data-elementor-id=\"84081\" class=\"elementor elementor-84081 elementor-82518\" data-elementor-post-type=\"page\">\n\t\t\t\t<div class=\"elementor-element elementor-element-b5b2798 e-flex e-con-boxed e-con e-parent\" data-id=\"b5b2798\" data-element_type=\"container\" data-e-type=\"container\" data-settings=\"{&quot;jet_parallax_layout_list&quot;:[]}\">\n\t\t\t\t\t<div class=\"e-con-inner\">\n\t\t\t\t<div class=\"elementor-element elementor-element-14f8f77 elementor-widget elementor-widget-heading\" data-id=\"14f8f77\" data-element_type=\"widget\" data-e-type=\"widget\" data-widget_type=\"heading.default\">\n\t\t\t\t<div class=\"elementor-widget-container\">\n\t\t\t\t\t<h2 class=\"elementor-heading-title elementor-size-default\">Verf\u00fcgbare Farben<\/h2>\t\t\t\t<\/div>\n\t\t\t\t<\/div>\n\t\t\t\t<div class=\"elementor-element elementor-element-39f8f3d elementor-widget elementor-widget-text-editor\" data-id=\"39f8f3d\" data-element_type=\"widget\" data-e-type=\"widget\" data-widget_type=\"text-editor.default\">\n\t\t\t\t<div class=\"elementor-widget-container\">\n\t\t\t\t\t\t\t\t\t<p>W\u00e4hlen Sie die Ausf\u00fchrung, die am besten zu Ihrem Projekt passt<\/p>\n\t\t\t\t\t\t\t\t<\/div>\n\t\t\t\t<\/div>\n\t\t\t\t\t<\/div>\n\t\t\t\t<\/div>\n\t\t<div class=\"elementor-element elementor-element-52858e3 e-flex e-con-boxed e-con e-parent\" data-id=\"52858e3\" data-element_type=\"container\" data-e-type=\"container\" data-settings=\"{&quot;jet_parallax_layout_list&quot;:[]}\">\n\t\t\t\t\t<div class=\"e-con-inner\">\n\t\t\t\t<div class=\"elementor-element elementor-element-f405203 elementor-widget elementor-widget-text-editor\" data-id=\"f405203\" data-element_type=\"widget\" data-e-type=\"widget\" data-widget_type=\"text-editor.default\">\n\t\t\t\t<div class=\"elementor-widget-container\">\n\t\t\t\t\t\t\t\t\t<p>Zennio bietet\u00a0<strong>verschiedene Oberfl\u00e4chen\u00a0<\/strong>an, um sich an eine\u00a0<strong>gro\u00dfe Vielfalt dekorativer Umgebungen\u00a0<\/strong>anzupassen. Dabei werden Farbreferenzen verwendet, die auf internationalen Standards basieren. In dieser Tabelle sind die verf\u00fcgbaren Ausf\u00fchrungen zusammen mit der entsprechenden Referenz aufgef\u00fchrt, um die Identifikation und Auswahl zu erleichtern.<\/p>\n<p>Die dargestellten Farben basieren auf dem\u00a0<strong>RAL-System\u00a0<\/strong>, einer international weit verbreiteten Norm zur pr\u00e4zisen Definition von Farbt\u00f6nen.<\/p>\n<p>Verf\u00fcgbare Farben f\u00fcr die Produkte der Familien Flat, Tecla, Touchdisplays, ZS55 und ZS70:<\/p>\n\t\t\t\t\t\t\t\t<\/div>\n\t\t\t\t<\/div>\n\t\t\t\t<div class=\"elementor-element elementor-element-dbb1a59 elementor-widget elementor-widget-html\" data-id=\"dbb1a59\" data-element_type=\"widget\" data-e-type=\"widget\" data-widget_type=\"html.default\">\n\t\t\t\t<div class=\"elementor-widget-container\">\n\t\t\t\t\t<table class=\"zennio-table\">\r\n<thead>\r\n<tr>\r\n<th>Oberfl\u00e4chenbezeichnung<\/th>\r\n<th>RAL (Farbreferenz)<\/th>\r\n<th>YY \/ XX Bez-Suffix<\/th>\r\n<\/tr>\r\n<\/thead>\r\n\r\n<tbody>\r\n\r\n<tr>\r\n<td>\r\n<div class=\"acabado-cell\">\r\n<div class=\"color-circle plata\"><\/div>\r\nSilber\r\n<\/div>\r\n<\/td>\r\n<td>RAL 9006<\/td>\r\n<td style=\"text-align:right;\">S \/ 06<\/td>\r\n<\/tr>\r\n\r\n<tr>\r\n<td>\r\n<div class=\"acabado-cell\">\r\n<div class=\"color-circle antracita\"><\/div>\r\nSchwarz\r\n<\/div>\r\n<\/td>\r\n<td>RAL 9004<\/td>\r\n<td style=\"text-align:right;\">A \/ 05<\/td>\r\n<\/tr>\r\n\r\n<tr>\r\n<td>\r\n<div class=\"acabado-cell\">\r\n<div class=\"color-circle blanco\"><\/div>\r\nMattwei\u00df\r\n<\/div>\r\n<\/td>\r\n<td>RAL 9016<\/td>\r\n<td style=\"text-align:right;\">M o MW \/ 09<\/td>\r\n<\/tr>\r\n\r\n<tr>\r\n<td>\r\n<div class=\"acabado-cell\">\r\n<div class=\"color-circle champagne\"><\/div>\r\nChampagne\r\n<\/div>\r\n<\/td>\r\n<td>RAL 1035<\/td>\r\n<td style=\"text-align:right;\">C \/ 04<\/td>\r\n<\/tr>\r\n\r\n<tr>\r\n<td>\r\n<div class=\"acabado-cell\">\r\n<div class=\"color-circle moka\"><\/div>\r\nMokka\r\n<\/div>\r\n<\/td>\r\n<td>RAL 7006<\/td>\r\n<td style=\"text-align:right;\">M \/ 03<\/td>\r\n<\/tr>\r\n\r\n<\/tbody>\r\n<\/table>\r\n<style>\r\n.zennio-table{\r\n    width: 100%;\r\n    border-collapse: collapse;\r\n    margin-top: 10px;\r\n    border: 1px solid rgba(255,255,255,.1);\r\n}\r\n.zennio-table th,\r\n.zennio-table td {\r\n    font-family: var( --e-global-typography-text-font-family ), Sans-serif;\r\n    font-size: 14px;\r\n    border: 1px solid rgba(255,255,255,.1);\r\n    padding: 10px;\r\n    color: #fff;\r\n    vertical-align: middle;\r\n}\r\n.zennio-table th {\r\n    background: rgba(255,255,255,.10);\r\n    font-weight: bold;\r\n}\r\n.acabado-cell {\r\n    display: flex;\r\n    align-items: center;\r\n    gap: 10px;\r\n}\r\n.color-circle {\r\n    width: 28px;\r\n    height: 28px;\r\n    border-radius: 50%;\r\n    border: 1px solid #bbb;\r\n    flex-shrink: 0;\r\n}\r\n.plata { background:#cfcfcf;}\r\n.antracita { background:#2f2f2f;}\r\n.blanco { background:#efefef;}\r\n.champagne { background:#d6c3a9;}\r\n.moka{ background:#6a5f52;}\r\n<\/style>\t\t\t\t<\/div>\n\t\t\t\t<\/div>\n\t\t\t\t\t<\/div>\n\t\t\t\t<\/div>\n\t\t<div class=\"elementor-element elementor-element-e795902 e-flex e-con-boxed e-con e-parent\" data-id=\"e795902\" data-element_type=\"container\" data-e-type=\"container\" data-settings=\"{&quot;jet_parallax_layout_list&quot;:[]}\">\n\t\t\t\t\t<div class=\"e-con-inner\">\n\t\t\t\t<div class=\"elementor-element elementor-element-c85cf5d elementor-widget elementor-widget-text-editor\" data-id=\"c85cf5d\" data-element_type=\"widget\" data-e-type=\"widget\" data-widget_type=\"text-editor.default\">\n\t\t\t\t<div class=\"elementor-widget-container\">\n\t\t\t\t\t\t\t\t\t<p>Verf\u00fcgbare Farben f\u00fcr die Produkte IWAC Out Keypad:<\/p>\n\t\t\t\t\t\t\t\t<\/div>\n\t\t\t\t<\/div>\n\t\t\t\t<div class=\"elementor-element elementor-element-7a79a2e elementor-widget elementor-widget-html\" data-id=\"7a79a2e\" data-element_type=\"widget\" data-e-type=\"widget\" data-widget_type=\"html.default\">\n\t\t\t\t<div class=\"elementor-widget-container\">\n\t\t\t\t\t<table class=\"zennio-table\">\r\n<thead>\r\n<tr>\r\n<th>Oberfl\u00e4chenbezeichnung<\/th>\r\n<th>RAL (Farbreferenz)<\/th>\r\n<th>YY \/ XX Bez-Suffix<\/th>\r\n<\/tr>\r\n<\/thead>\r\n\r\n<tbody>\r\n\r\n<tr>\r\n<td>\r\n<div class=\"acabado-cell\">\r\n<div class=\"color-circle blanco\"><\/div>\r\nMattwei\u00df\r\n<\/div>\r\n<\/td>\r\n<td>RAL 9016<\/td>\r\n<td style=\"text-align:right;\">M o MW \/ 09<\/td>\r\n<\/tr>\r\n\r\n<tr>\r\n<td>\r\n<div class=\"acabado-cell\">\r\n<div class=\"color-circle antracita\"><\/div>\r\nSchwarz\r\n<\/div>\r\n<\/td>\r\n<td>RAL 9004<\/td>\r\n<td style=\"text-align:right;\">A \/ 05<\/td>\r\n<\/tr>\r\n\r\n<\/tbody>\r\n<\/table>\r\n<style>\r\n.zennio-table{\r\n    width: 100%;\r\n    border-collapse: collapse;\r\n    margin-top: 10px;\r\n    border: 1px solid rgba(255,255,255,.1);\r\n}\r\n.zennio-table th,\r\n.zennio-table td {\r\n    font-family: var( --e-global-typography-text-font-family ), Sans-serif;\r\n    font-size: 14px;\r\n    border: 1px solid rgba(255,255,255,.1);\r\n    padding: 10px;\r\n    color: #fff;\r\n    vertical-align: middle;\r\n}\r\n.zennio-table th {\r\n    background: rgba(255,255,255,.10);\r\n    font-weight: bold;\r\n}\r\n.acabado-cell {\r\n    display: flex;\r\n    align-items: center;\r\n    gap: 10px;\r\n}\r\n.color-circle {\r\n    width: 28px;\r\n    height: 28px;\r\n    border-radius: 50%;\r\n    border: 1px solid #bbb;\r\n    flex-shrink: 0;\r\n}\r\n.plata { background:#cfcfcf;}\r\n.antracita { background:#2f2f2f;}\r\n.blanco { background:#efefef;}\r\n.champagne { background:#d6c3a9;}\r\n.moka{ background:#6a5f52;}\r\n<\/style>\t\t\t\t<\/div>\n\t\t\t\t<\/div>\n\t\t\t\t\t<\/div>\n\t\t\t\t<\/div>\n\t\t\t\t<\/div>\n\t\t","protected":false},"excerpt":{"rendered":"<p>Verf\u00fcgbare Farben W\u00e4hlen Sie die Ausf\u00fchrung, die am besten zu Ihrem Projekt passt Zennio bietet\u00a0verschiedene Oberfl\u00e4chen\u00a0an, um sich an eine\u00a0gro\u00dfe Vielfalt dekorativer Umgebungen\u00a0anzupassen. Dabei werden Farbreferenzen verwendet, die auf internationalen Standards basieren. In dieser Tabelle sind die verf\u00fcgbaren Ausf\u00fchrungen zusammen mit der entsprechenden Referenz aufgef\u00fchrt, um die Identifikation und Auswahl zu erleichtern. Die dargestellten Farben [&hellip;]<\/p>\n","protected":false},"author":1,"featured_media":0,"parent":0,"menu_order":0,"comment_status":"closed","ping_status":"closed","template":"elementor_header_footer","meta":{"footnotes":""},"class_list":["post-84081","page","type-page","status-publish","hentry"],"yoast_head":"<!-- This site is optimized with the Yoast SEO plugin v27.4 - https:\/\/yoast.com\/product\/yoast-seo-wordpress\/ -->\n<title>Verf\u00fcgbare Farben - Zennio<\/title>\n<meta name=\"description\" content=\"Verf\u00fcgbare Farben W\u00e4hlen Sie die Ausf\u00fchrung, die am besten zu Ihrem Projekt passt Zennio bietet\u00a0verschiedene Oberfl\u00e4chen\u00a0an, um sich an eine\u00a0gro\u00dfe\" \/>\n<meta name=\"robots\" content=\"noindex, follow, max-snippet:-1, max-image-preview:large, max-video-preview:-1\" \/>\n<meta property=\"og:locale\" content=\"de_DE\" \/>\n<meta property=\"og:type\" content=\"article\" \/>\n<meta property=\"og:title\" content=\"Verf\u00fcgbare Farben - Zennio\" \/>\n<meta property=\"og:description\" content=\"Verf\u00fcgbare Farben W\u00e4hlen Sie die Ausf\u00fchrung, die am besten zu Ihrem Projekt passt Zennio bietet\u00a0verschiedene Oberfl\u00e4chen\u00a0an, um sich an eine\u00a0gro\u00dfe\" \/>\n<meta property=\"og:url\" content=\"https:\/\/zennio.creativia.es\/de\/finishes\/\" \/>\n<meta property=\"og:site_name\" content=\"Zennio\" \/>\n<meta property=\"article:publisher\" content=\"https:\/\/www.facebook.com\/ZennioSpain\/?locale=es_ES\" \/>\n<meta property=\"article:modified_time\" content=\"2026-04-12T15:10:20+00:00\" \/>\n<meta property=\"og:image\" content=\"https:\/\/zennio.creativia.es\/wp-content\/uploads\/2025\/01\/oficina-tecnica-y-soporte.png\" \/>\n\t<meta property=\"og:image:width\" content=\"900\" \/>\n\t<meta property=\"og:image:height\" content=\"480\" \/>\n\t<meta property=\"og:image:type\" content=\"image\/png\" \/>\n<meta name=\"twitter:card\" content=\"summary_large_image\" \/>\n<script type=\"application\/ld+json\" class=\"yoast-schema-graph\">{\"@context\":\"https:\\\/\\\/schema.org\",\"@graph\":[{\"@type\":\"WebPage\",\"@id\":\"https:\\\/\\\/zennio.creativia.es\\\/de\\\/finishes\\\/\",\"url\":\"https:\\\/\\\/zennio.creativia.es\\\/de\\\/finishes\\\/\",\"name\":\"Verf\u00fcgbare Farben - Zennio\",\"isPartOf\":{\"@id\":\"https:\\\/\\\/zennio.creativia.es\\\/de\\\/#website\"},\"datePublished\":\"2026-03-27T06:35:00+00:00\",\"dateModified\":\"2026-04-12T15:10:20+00:00\",\"description\":\"Verf\u00fcgbare Farben W\u00e4hlen Sie die Ausf\u00fchrung, die am besten zu Ihrem Projekt passt Zennio bietet\u00a0verschiedene Oberfl\u00e4chen\u00a0an, um sich an eine\u00a0gro\u00dfe\",\"breadcrumb\":{\"@id\":\"https:\\\/\\\/zennio.creativia.es\\\/de\\\/finishes\\\/#breadcrumb\"},\"inLanguage\":\"de\",\"potentialAction\":[{\"@type\":\"ReadAction\",\"target\":[\"https:\\\/\\\/zennio.creativia.es\\\/de\\\/finishes\\\/\"]}]},{\"@type\":\"BreadcrumbList\",\"@id\":\"https:\\\/\\\/zennio.creativia.es\\\/de\\\/finishes\\\/#breadcrumb\",\"itemListElement\":[{\"@type\":\"ListItem\",\"position\":1,\"name\":\"Portada\",\"item\":\"https:\\\/\\\/zennio.creativia.es\\\/de\\\/\"},{\"@type\":\"ListItem\",\"position\":2,\"name\":\"Verf\u00fcgbare Farben\"}]},{\"@type\":\"WebSite\",\"@id\":\"https:\\\/\\\/zennio.creativia.es\\\/de\\\/#website\",\"url\":\"https:\\\/\\\/zennio.creativia.es\\\/de\\\/\",\"name\":\"Zennio\",\"description\":\"Soluciones de tecnolog\u00eda para hoteles, viviendas y edificios.\",\"publisher\":{\"@id\":\"https:\\\/\\\/zennio.creativia.es\\\/de\\\/#organization\"},\"alternateName\":\"Zennio Global\",\"potentialAction\":[{\"@type\":\"SearchAction\",\"target\":{\"@type\":\"EntryPoint\",\"urlTemplate\":\"https:\\\/\\\/zennio.creativia.es\\\/de\\\/?s={search_term_string}\"},\"query-input\":{\"@type\":\"PropertyValueSpecification\",\"valueRequired\":true,\"valueName\":\"search_term_string\"}}],\"inLanguage\":\"de\"},{\"@type\":\"Organization\",\"@id\":\"https:\\\/\\\/zennio.creativia.es\\\/de\\\/#organization\",\"name\":\"Zennio\",\"alternateName\":\"Zennio\",\"url\":\"https:\\\/\\\/zennio.creativia.es\\\/de\\\/\",\"logo\":{\"@type\":\"ImageObject\",\"inLanguage\":\"de\",\"@id\":\"https:\\\/\\\/zennio.creativia.es\\\/de\\\/#\\\/schema\\\/logo\\\/image\\\/\",\"url\":\"https:\\\/\\\/zennio.creativia.es\\\/wp-content\\\/uploads\\\/2025\\\/01\\\/Logo_Zennio.png\",\"contentUrl\":\"https:\\\/\\\/zennio.creativia.es\\\/wp-content\\\/uploads\\\/2025\\\/01\\\/Logo_Zennio.png\",\"width\":3392,\"height\":1540,\"caption\":\"Zennio\"},\"image\":{\"@id\":\"https:\\\/\\\/zennio.creativia.es\\\/de\\\/#\\\/schema\\\/logo\\\/image\\\/\"},\"sameAs\":[\"https:\\\/\\\/www.facebook.com\\\/ZennioSpain\\\/?locale=es_ES\"]}]}<\/script>\n<!-- \/ Yoast SEO plugin. -->","yoast_head_json":{"title":"Verf\u00fcgbare Farben - Zennio","description":"Verf\u00fcgbare Farben W\u00e4hlen Sie die Ausf\u00fchrung, die am besten zu Ihrem Projekt passt Zennio bietet\u00a0verschiedene Oberfl\u00e4chen\u00a0an, um sich an eine\u00a0gro\u00dfe","robots":{"index":"noindex","follow":"follow","max-snippet":"max-snippet:-1","max-image-preview":"max-image-preview:large","max-video-preview":"max-video-preview:-1"},"og_locale":"de_DE","og_type":"article","og_title":"Verf\u00fcgbare Farben - Zennio","og_description":"Verf\u00fcgbare Farben W\u00e4hlen Sie die Ausf\u00fchrung, die am besten zu Ihrem Projekt passt Zennio bietet\u00a0verschiedene Oberfl\u00e4chen\u00a0an, um sich an eine\u00a0gro\u00dfe","og_url":"https:\/\/zennio.creativia.es\/de\/finishes\/","og_site_name":"Zennio","article_publisher":"https:\/\/www.facebook.com\/ZennioSpain\/?locale=es_ES","article_modified_time":"2026-04-12T15:10:20+00:00","og_image":[{"width":900,"height":480,"url":"https:\/\/zennio.creativia.es\/wp-content\/uploads\/2025\/01\/oficina-tecnica-y-soporte.png","type":"image\/png"}],"twitter_card":"summary_large_image","schema":{"@context":"https:\/\/schema.org","@graph":[{"@type":"WebPage","@id":"https:\/\/zennio.creativia.es\/de\/finishes\/","url":"https:\/\/zennio.creativia.es\/de\/finishes\/","name":"Verf\u00fcgbare Farben - Zennio","isPartOf":{"@id":"https:\/\/zennio.creativia.es\/de\/#website"},"datePublished":"2026-03-27T06:35:00+00:00","dateModified":"2026-04-12T15:10:20+00:00","description":"Verf\u00fcgbare Farben W\u00e4hlen Sie die Ausf\u00fchrung, die am besten zu Ihrem Projekt passt Zennio bietet\u00a0verschiedene Oberfl\u00e4chen\u00a0an, um sich an eine\u00a0gro\u00dfe","breadcrumb":{"@id":"https:\/\/zennio.creativia.es\/de\/finishes\/#breadcrumb"},"inLanguage":"de","potentialAction":[{"@type":"ReadAction","target":["https:\/\/zennio.creativia.es\/de\/finishes\/"]}]},{"@type":"BreadcrumbList","@id":"https:\/\/zennio.creativia.es\/de\/finishes\/#breadcrumb","itemListElement":[{"@type":"ListItem","position":1,"name":"Portada","item":"https:\/\/zennio.creativia.es\/de\/"},{"@type":"ListItem","position":2,"name":"Verf\u00fcgbare Farben"}]},{"@type":"WebSite","@id":"https:\/\/zennio.creativia.es\/de\/#website","url":"https:\/\/zennio.creativia.es\/de\/","name":"Zennio","description":"Soluciones de tecnolog\u00eda para hoteles, viviendas y edificios.","publisher":{"@id":"https:\/\/zennio.creativia.es\/de\/#organization"},"alternateName":"Zennio Global","potentialAction":[{"@type":"SearchAction","target":{"@type":"EntryPoint","urlTemplate":"https:\/\/zennio.creativia.es\/de\/?s={search_term_string}"},"query-input":{"@type":"PropertyValueSpecification","valueRequired":true,"valueName":"search_term_string"}}],"inLanguage":"de"},{"@type":"Organization","@id":"https:\/\/zennio.creativia.es\/de\/#organization","name":"Zennio","alternateName":"Zennio","url":"https:\/\/zennio.creativia.es\/de\/","logo":{"@type":"ImageObject","inLanguage":"de","@id":"https:\/\/zennio.creativia.es\/de\/#\/schema\/logo\/image\/","url":"https:\/\/zennio.creativia.es\/wp-content\/uploads\/2025\/01\/Logo_Zennio.png","contentUrl":"https:\/\/zennio.creativia.es\/wp-content\/uploads\/2025\/01\/Logo_Zennio.png","width":3392,"height":1540,"caption":"Zennio"},"image":{"@id":"https:\/\/zennio.creativia.es\/de\/#\/schema\/logo\/image\/"},"sameAs":["https:\/\/www.facebook.com\/ZennioSpain\/?locale=es_ES"]}]}},"_links":{"self":[{"href":"https:\/\/zennio.creativia.es\/de\/wp-json\/wp\/v2\/pages\/84081","targetHints":{"allow":["GET"]}}],"collection":[{"href":"https:\/\/zennio.creativia.es\/de\/wp-json\/wp\/v2\/pages"}],"about":[{"href":"https:\/\/zennio.creativia.es\/de\/wp-json\/wp\/v2\/types\/page"}],"author":[{"embeddable":true,"href":"https:\/\/zennio.creativia.es\/de\/wp-json\/wp\/v2\/users\/1"}],"replies":[{"embeddable":true,"href":"https:\/\/zennio.creativia.es\/de\/wp-json\/wp\/v2\/comments?post=84081"}],"version-history":[{"count":1,"href":"https:\/\/zennio.creativia.es\/de\/wp-json\/wp\/v2\/pages\/84081\/revisions"}],"predecessor-version":[{"id":84082,"href":"https:\/\/zennio.creativia.es\/de\/wp-json\/wp\/v2\/pages\/84081\/revisions\/84082"}],"wp:attachment":[{"href":"https:\/\/zennio.creativia.es\/de\/wp-json\/wp\/v2\/media?parent=84081"}],"curies":[{"name":"wp","href":"https:\/\/api.w.org\/{rel}","templated":true}]}}